{"id":15103,"date":"2021-09-28T19:21:13","date_gmt":"2021-09-28T17:21:13","guid":{"rendered":"https:\/\/formenteraliving.com\/servizi\/"},"modified":"2026-03-23T12:28:43","modified_gmt":"2026-03-23T11:28:43","slug":"wir-bieten","status":"publish","type":"page","link":"https:\/\/www.formenteraliving.com\/de\/wir-bieten\/","title":{"rendered":"Unsere Leistungen"},"content":{"rendered":"<p>[et_pb_section fb_built=&#8220;1&#8243; _builder_version=&#8220;4.16&#8243; _module_preset=&#8220;default&#8220; da_disable_devices=&#8220;off|off|off&#8220; global_colors_info=&#8220;{}&#8220; da_is_popup=&#8220;off&#8220; da_exit_intent=&#8220;off&#8220; da_has_close=&#8220;on&#8220; da_alt_close=&#8220;off&#8220; da_dark_close=&#8220;off&#8220; da_not_modal=&#8220;on&#8220; da_is_singular=&#8220;off&#8220; da_with_loader=&#8220;off&#8220; da_has_shadow=&#8220;on&#8220;][et_pb_row column_structure=&#8220;1_5,1_5,1_5,1_5,1_5&#8243; _builder_version=&#8220;4.16&#8243; _module_preset=&#8220;default&#8220; global_colors_info=&#8220;{}&#8220;][et_pb_column type=&#8220;1_5&#8243; _builder_version=&#8220;4.16&#8243; _module_preset=&#8220;default&#8220; global_colors_info=&#8220;{}&#8220;][et_pb_blurb title=&#8220;Vermietung&#8220; use_icon=&#8220;on&#8220; font_icon=&#8220;&#xe074;||divi||400&#8243; icon_color=&#8220;#e9dcbf&#8220; admin_label=&#8220;Affitti&#8220; _builder_version=&#8220;4.27.6&#8243; _module_preset=&#8220;default&#8220; header_text_align=&#8220;center&#8220; global_colors_info=&#8220;{}&#8220;][\/et_pb_blurb][\/et_pb_column][et_pb_column type=&#8220;1_5&#8243; _builder_version=&#8220;4.16&#8243; _module_preset=&#8220;default&#8220; global_colors_info=&#8220;{}&#8220;][et_pb_blurb title=&#8220;Verkauf&#8220; use_icon=&#8220;on&#8220; font_icon=&#8220;&#xe066;||fa||900&#8243; icon_color=&#8220;#e9dcbf&#8220; admin_label=&#8220;Vendite&#8220; _builder_version=&#8220;4.27.6&#8243; _module_preset=&#8220;default&#8220; header_text_align=&#8220;center&#8220; hover_enabled=&#8220;0&#8243; global_colors_info=&#8220;{}&#8220; sticky_enabled=&#8220;0&#8243;][\/et_pb_blurb][\/et_pb_column][et_pb_column type=&#8220;1_5&#8243; _builder_version=&#8220;4.16&#8243; _module_preset=&#8220;default&#8220; global_colors_info=&#8220;{}&#8220;][et_pb_blurb title=&#8220;Reservierungen von autos, moped, boot oder rundreisen&#8220; use_icon=&#8220;on&#8220; font_icon=&#8220;&#xf1b9;||fa||900&#8243; icon_color=&#8220;#e9dcbf&#8220; admin_label=&#8220;Prenotazioni di auto, motorini, barche o tour&#8220; _builder_version=&#8220;4.27.6&#8243; _module_preset=&#8220;default&#8220; header_text_align=&#8220;center&#8220; hover_enabled=&#8220;0&#8243; global_colors_info=&#8220;{}&#8220; sticky_enabled=&#8220;0&#8243;][\/et_pb_blurb][\/et_pb_column][et_pb_column type=&#8220;1_5&#8243; _builder_version=&#8220;4.16&#8243; _module_preset=&#8220;default&#8220; global_colors_info=&#8220;{}&#8220;][et_pb_blurb title=&#8220;Reinigungsservice &amp; privatkoch&#8220; use_icon=&#8220;on&#8220; font_icon=&#8220;&#xf2e7;||fa||900&#8243; icon_color=&#8220;#e9dcbf&#8220; admin_label=&#8220;Servizi di pulizia e chef privato&#8220; _builder_version=&#8220;4.27.6&#8243; _module_preset=&#8220;default&#8220; header_text_align=&#8220;center&#8220; hover_enabled=&#8220;0&#8243; global_colors_info=&#8220;{}&#8220; sticky_enabled=&#8220;0&#8243;][\/et_pb_blurb][\/et_pb_column][et_pb_column type=&#8220;1_5&#8243; _builder_version=&#8220;4.16&#8243; _module_preset=&#8220;default&#8220; global_colors_info=&#8220;{}&#8220;][et_pb_blurb title=&#8220;Service f\u00fcr hausbesitzer&#8220; use_icon=&#8220;on&#8220; font_icon=&#8220;&#xe065;||fa||900&#8243; icon_color=&#8220;#e9dcbf&#8220; admin_label=&#8220;Servizi per proprietari di immobili&#8220; _builder_version=&#8220;4.27.6&#8243; _module_preset=&#8220;default&#8220; header_text_align=&#8220;center&#8220; hover_enabled=&#8220;0&#8243; global_colors_info=&#8220;{}&#8220; sticky_enabled=&#8220;0&#8243;][\/et_pb_blurb][\/et_pb_column][\/et_pb_row][et_pb_row _builder_version=&#8220;4.16&#8243; _module_preset=&#8220;default&#8220; global_colors_info=&#8220;{}&#8220;][et_pb_column type=&#8220;4_4&#8243; _builder_version=&#8220;4.16&#8243; _module_preset=&#8220;default&#8220; global_colors_info=&#8220;{}&#8220;][et_pb_text _builder_version=&#8220;4.27.6&#8243; _module_preset=&#8220;default&#8220; global_colors_info=&#8220;{}&#8220;]<\/p>\n<h2>Vermietung<\/h2>\n<p><\/p>\n<hr \/>\n<p><\/p>\n<p>Ob Ferienh\u00e4user, H\u00e4user mit Pool, Villen oder exklusive Luxusvillen \u2013 mit Meerblick oder in Meeresn\u00e4he: Wir bieten Ihnen eine sorgf\u00e4ltig ausgew\u00e4hlte Vielfalt an hochwertigen Ferienimmobilien auf Formentera.<\/p>\n<p><\/p>\n<p>Unser B\u00fcro befindet sich direkt vor Ort in San Francisco, dem Hauptort der Insel. Dadurch sind wir jederzeit pers\u00f6nlich f\u00fcr Sie erreichbar und stehen Ihnen w\u00e4hrend Ihres gesamten Aufenthalts als zuverl\u00e4ssiger Ansprechpartner zur Seite.<\/p>\n<p><\/p>\n<p>Damit Sie Ihre Zeit auf Formentera in vollen Z\u00fcgen genie\u00dfen k\u00f6nnen, k\u00fcmmern wir uns gerne um individuelle W\u00fcnsche wie Boots- oder Fahrzeuganmietungen, Ausfl\u00fcge, Privatkoch-Service, zus\u00e4tzliche Reinigungen oder Tischreservierungen in den angesagtesten Restaurants der Insel.<br \/>Wir k\u00fcmmern uns um jedes Detail \u2013 damit Ihr Urlaub auf der \u201eKaribik des Mittelmeeres\u201c, zu einem unvergesslichen Erlebnis wird.<\/p>\n<p>[\/et_pb_text][et_pb_text _builder_version=&#8220;4.27.6&#8243; _module_preset=&#8220;default&#8220; global_colors_info=&#8220;{}&#8220;]<\/p>\n<h2>Verkauf<\/h2>\n<p><\/p>\n<hr \/>\n<p><\/p>\n<p>H\u00e4user mit Charme, rustikale Fincas, Villen mit Meerblick, luxuri\u00f6se Villen mit Pool oder moderne Apartments \u2013 wir begleiten Sie auf dem Weg zu Ihrer Traumimmobilie auf Formentera.<\/p>\n<p><\/p>\n<p>Unser Anspruch ist es, das Objekt zu finden, das wirklich zu Ihnen passt. Dar\u00fcber hinaus bieten wir Ihnen eine kompetente Vor- und Nachverkaufsbetreuung und stehen Ihnen jederzeit beratend, pers\u00f6nlich und mehrsprachig zur Seite.<\/p>\n<p><\/p>\n<p>Profitieren Sie zudem von unserem bew\u00e4hrten Netzwerk aus Architekten, Rechtsanw\u00e4lten, Bauunternehmen und weiteren Fachpartnern direkt auf der Insel.<\/p>\n<p>[\/et_pb_text][et_pb_text _builder_version=&#8220;4.27.6&#8243; _module_preset=&#8220;default&#8220; global_colors_info=&#8220;{}&#8220;]<\/p>\n<h2>Reservierungen von autos, moped, boot oder rundreisen<\/h2>\n<p><\/p>\n<hr \/>\n<p><\/p>\n<p>Gerne organisieren wir f\u00fcr Sie die Reservierung von Autos, Mopeds oder Booten sowie individuell abgestimmte Insel- und Bootstouren. Entdecken Sie Formentera auf Ihre pers\u00f6nliche Weise und reservieren Sie Ihr Fahrzeug bereits bei der Buchung \u2013 so profitieren Sie vom Preisvorteil und sichern sich Ihren Komfort fr\u00fchzeitig.<\/p>\n<p><\/p>\n<p>Wir arbeiten mit der renommiertesten Vermietung auf der Insel zusammen. Als Ihr Ansprechpartner steht Ihnen ein Fahrzeug bereits am Hafen zur Verf\u00fcgung oder wird auf Wunsch direkt zu Ihnen gebracht.<\/p>\n<p><\/p>\n<p>M\u00f6chten Sie Formentera vom Meer aus eigenst\u00e4ndig erkunden? Wir organisieren das passende Boot f\u00fcr Sie \u2013 mit oder ohne Kapit\u00e4n und Bootsf\u00fchrerschein. <\/p>\n<p>[\/et_pb_text][et_pb_text _builder_version=&#8220;4.27.6&#8243; _module_preset=&#8220;default&#8220; global_colors_info=&#8220;{}&#8220;]<\/p>\n<h2>Reinigungsservice &amp; privatkoch<\/h2>\n<p><\/p>\n<hr \/>\n<p><\/p>\n<p>Sie m\u00f6chten sich im Urlaub ganz auf Entspannung und Erholung konzentrieren? Auf Wunsch stellen wir Ihnen zuverl\u00e4ssiges Reinigungspersonal zur Verf\u00fcgung oder organisieren einen erfahrenen Privatkoch, der Sie direkt in Ihrer Unterkunft kulinarisch verw\u00f6hnt.<\/p>\n<p><\/p>\n<p>Falls Sie lieber die ausgezeichnete Gastronomie der Insel genie\u00dfen m\u00f6chten, reservieren wir gerne Tische in den renommiertesten Restaurants Formenteras.<\/p>\n<p>[\/et_pb_text][et_pb_text _builder_version=&#8220;4.27.6&#8243; _module_preset=&#8220;default&#8220; global_colors_info=&#8220;{}&#8220;]<\/p>\n<h2>Service f\u00fcr hausbesitzer<\/h2>\n<p><\/p>\n<hr \/>\n<p><\/p>\n<p>Sie denken dar\u00fcber nach, Ihre Immobilie zu vermieten und w\u00fcnschen professionelle Unterst\u00fctzung? Wir stehen Ihnen gerne zur Seite.<\/p>\n<p><\/p>\n<p>Von der Vermittlung ausgew\u00e4hlter G\u00e4ste \u00fcber den pers\u00f6nlichen Empfang, einen 24-Stunden-Ansprechpartner f\u00fcr Ihre G\u00e4ste, bis hin zur Abnahme und Kontrolle der Immobilie vor und nach dem Aufenthalt \u2013 wir \u00fcbernehmen den gesamten Ablauf f\u00fcr Sie. So k\u00f6nnen Sie sich entspannt zur\u00fccklehnen, w\u00e4hrend Ihre Immobilie in besten H\u00e4nden ist.<\/p>\n<p><\/p>\n<p>Besuchen Sie uns gerne in unserem B\u00fcro in San Francisco \u2013 wir beraten Sie pers\u00f6nlich und unverbindlich.<\/p>\n<p>[\/et_pb_text][\/et_pb_column][\/et_pb_row][\/et_pb_section]<\/p>\n","protected":false},"excerpt":{"rendered":"<p>VermietungOb Ferienh\u00e4user, H\u00e4user mit Pool, Villen oder exklusive Luxusvillen \u2013 mit Meerblick oder in Meeresn\u00e4he: Wir bieten Ihnen eine sorgf\u00e4ltig ausgew\u00e4hlte Vielfalt an hochwertigen Ferienimmobilien auf Formentera.Unser B\u00fcro befindet sich direkt vor Ort in San Francisco, dem Hauptort der Insel. Dadurch sind wir jederzeit pers\u00f6nlich f\u00fcr Sie erreichbar und stehen Ihnen w\u00e4hrend Ihres gesamten Aufenthalts [&hellip;]<\/p>\n","protected":false},"author":3,"featured_media":0,"parent":0,"menu_order":0,"comment_status":"closed","ping_status":"closed","template":"","meta":{"_acf_changed":false,"_et_pb_use_builder":"on","_et_pb_old_content":"","_et_gb_content_width":"","footnotes":""},"class_list":["post-15103","page","type-page","status-publish","hentry"],"acf":[],"yoast_head":"<!-- This site is optimized with the Yoast SEO plugin v27.4 - https:\/\/yoast.com\/product\/yoast-seo-wordpress\/ -->\n<title>Unsere Leistungen - Formenteraliving<\/title>\n<meta name=\"robots\" content=\"index, follow, max-snippet:-1, max-image-preview:large, max-video-preview:-1\" \/>\n<link rel=\"canonical\" href=\"https:\/\/www.formenteraliving.com\/de\/wir-bieten\/\" \/>\n<meta property=\"og:locale\" content=\"de_DE\" \/>\n<meta property=\"og:type\" content=\"article\" \/>\n<meta property=\"og:title\" content=\"Unsere Leistungen - Formenteraliving\" \/>\n<meta property=\"og:description\" content=\"VermietungOb Ferienh\u00e4user, H\u00e4user mit Pool, Villen oder exklusive Luxusvillen \u2013 mit Meerblick oder in Meeresn\u00e4he: Wir bieten Ihnen eine sorgf\u00e4ltig ausgew\u00e4hlte Vielfalt an hochwertigen Ferienimmobilien auf Formentera.Unser B\u00fcro befindet sich direkt vor Ort in San Francisco, dem Hauptort der Insel. Dadurch sind wir jederzeit pers\u00f6nlich f\u00fcr Sie erreichbar und stehen Ihnen w\u00e4hrend Ihres gesamten Aufenthalts [&hellip;]\" \/>\n<meta property=\"og:url\" content=\"https:\/\/www.formenteraliving.com\/de\/wir-bieten\/\" \/>\n<meta property=\"og:site_name\" content=\"Formenteraliving\" \/>\n<meta property=\"article:publisher\" content=\"https:\/\/www.facebook.com\/Oceanliving-276519762415611\/\" \/>\n<meta property=\"article:modified_time\" content=\"2026-03-23T11:28:43+00:00\" \/>\n<meta name=\"twitter:card\" content=\"summary_large_image\" \/>\n<meta name=\"twitter:label1\" content=\"Gesch\u00e4tzte Lesezeit\" \/>\n\t<meta name=\"twitter:data1\" content=\"5\u00a0Minuten\" \/>\n<script type=\"application\/ld+json\" class=\"yoast-schema-graph\">{\"@context\":\"https:\\\/\\\/schema.org\",\"@graph\":[{\"@type\":\"WebPage\",\"@id\":\"https:\\\/\\\/www.formenteraliving.com\\\/de\\\/wir-bieten\\\/\",\"url\":\"https:\\\/\\\/www.formenteraliving.com\\\/de\\\/wir-bieten\\\/\",\"name\":\"Unsere Leistungen - Formenteraliving\",\"isPartOf\":{\"@id\":\"https:\\\/\\\/www.formenteraliving.com\\\/de\\\/#website\"},\"datePublished\":\"2021-09-28T17:21:13+00:00\",\"dateModified\":\"2026-03-23T11:28:43+00:00\",\"breadcrumb\":{\"@id\":\"https:\\\/\\\/www.formenteraliving.com\\\/de\\\/wir-bieten\\\/#breadcrumb\"},\"inLanguage\":\"de\",\"potentialAction\":[{\"@type\":\"ReadAction\",\"target\":[\"https:\\\/\\\/www.formenteraliving.com\\\/de\\\/wir-bieten\\\/\"]}]},{\"@type\":\"BreadcrumbList\",\"@id\":\"https:\\\/\\\/www.formenteraliving.com\\\/de\\\/wir-bieten\\\/#breadcrumb\",\"itemListElement\":[{\"@type\":\"ListItem\",\"position\":1,\"name\":\"Inici\",\"item\":\"https:\\\/\\\/www.formenteraliving.com\\\/de\\\/startseite-2\\\/\"},{\"@type\":\"ListItem\",\"position\":2,\"name\":\"Unsere Leistungen\"}]},{\"@type\":\"WebSite\",\"@id\":\"https:\\\/\\\/www.formenteraliving.com\\\/de\\\/#website\",\"url\":\"https:\\\/\\\/www.formenteraliving.com\\\/de\\\/\",\"name\":\"Formenteraliving\",\"description\":\"Ocealiving Real Estate - Vacanze Formentera con stile: Affitto case, appartamenti, Finca. Vendita Casa, Finca, Appartamenti, Real estate Formentera. Servizio affito auto, scooter ...\",\"publisher\":{\"@id\":\"https:\\\/\\\/www.formenteraliving.com\\\/de\\\/#organization\"},\"potentialAction\":[{\"@type\":\"SearchAction\",\"target\":{\"@type\":\"EntryPoint\",\"urlTemplate\":\"https:\\\/\\\/www.formenteraliving.com\\\/de\\\/?s={search_term_string}\"},\"query-input\":{\"@type\":\"PropertyValueSpecification\",\"valueRequired\":true,\"valueName\":\"search_term_string\"}}],\"inLanguage\":\"de\"},{\"@type\":\"Organization\",\"@id\":\"https:\\\/\\\/www.formenteraliving.com\\\/de\\\/#organization\",\"name\":\"Oceanliving Formentera\",\"url\":\"https:\\\/\\\/www.formenteraliving.com\\\/de\\\/\",\"logo\":{\"@type\":\"ImageObject\",\"inLanguage\":\"de\",\"@id\":\"https:\\\/\\\/www.formenteraliving.com\\\/de\\\/#\\\/schema\\\/logo\\\/image\\\/\",\"url\":\"https:\\\/\\\/www.formenteraliving.com\\\/wp-content\\\/uploads\\\/2018\\\/08\\\/IMG_9086-1024x971.jpg\",\"contentUrl\":\"https:\\\/\\\/www.formenteraliving.com\\\/wp-content\\\/uploads\\\/2018\\\/08\\\/IMG_9086-1024x971.jpg\",\"width\":1024,\"height\":971,\"caption\":\"Oceanliving Formentera\"},\"image\":{\"@id\":\"https:\\\/\\\/www.formenteraliving.com\\\/de\\\/#\\\/schema\\\/logo\\\/image\\\/\"},\"sameAs\":[\"https:\\\/\\\/www.facebook.com\\\/Oceanliving-276519762415611\\\/\",\"https:\\\/\\\/www.instagram.com\\\/formenteraliving\\\/\"]}]}<\/script>\n<!-- \/ Yoast SEO plugin. -->","yoast_head_json":{"title":"Unsere Leistungen - Formenteraliving","robots":{"index":"index","follow":"follow","max-snippet":"max-snippet:-1","max-image-preview":"max-image-preview:large","max-video-preview":"max-video-preview:-1"},"canonical":"https:\/\/www.formenteraliving.com\/de\/wir-bieten\/","og_locale":"de_DE","og_type":"article","og_title":"Unsere Leistungen - Formenteraliving","og_description":"VermietungOb Ferienh\u00e4user, H\u00e4user mit Pool, Villen oder exklusive Luxusvillen \u2013 mit Meerblick oder in Meeresn\u00e4he: Wir bieten Ihnen eine sorgf\u00e4ltig ausgew\u00e4hlte Vielfalt an hochwertigen Ferienimmobilien auf Formentera.Unser B\u00fcro befindet sich direkt vor Ort in San Francisco, dem Hauptort der Insel. Dadurch sind wir jederzeit pers\u00f6nlich f\u00fcr Sie erreichbar und stehen Ihnen w\u00e4hrend Ihres gesamten Aufenthalts [&hellip;]","og_url":"https:\/\/www.formenteraliving.com\/de\/wir-bieten\/","og_site_name":"Formenteraliving","article_publisher":"https:\/\/www.facebook.com\/Oceanliving-276519762415611\/","article_modified_time":"2026-03-23T11:28:43+00:00","twitter_card":"summary_large_image","twitter_misc":{"Gesch\u00e4tzte Lesezeit":"5\u00a0Minuten"},"schema":{"@context":"https:\/\/schema.org","@graph":[{"@type":"WebPage","@id":"https:\/\/www.formenteraliving.com\/de\/wir-bieten\/","url":"https:\/\/www.formenteraliving.com\/de\/wir-bieten\/","name":"Unsere Leistungen - Formenteraliving","isPartOf":{"@id":"https:\/\/www.formenteraliving.com\/de\/#website"},"datePublished":"2021-09-28T17:21:13+00:00","dateModified":"2026-03-23T11:28:43+00:00","breadcrumb":{"@id":"https:\/\/www.formenteraliving.com\/de\/wir-bieten\/#breadcrumb"},"inLanguage":"de","potentialAction":[{"@type":"ReadAction","target":["https:\/\/www.formenteraliving.com\/de\/wir-bieten\/"]}]},{"@type":"BreadcrumbList","@id":"https:\/\/www.formenteraliving.com\/de\/wir-bieten\/#breadcrumb","itemListElement":[{"@type":"ListItem","position":1,"name":"Inici","item":"https:\/\/www.formenteraliving.com\/de\/startseite-2\/"},{"@type":"ListItem","position":2,"name":"Unsere Leistungen"}]},{"@type":"WebSite","@id":"https:\/\/www.formenteraliving.com\/de\/#website","url":"https:\/\/www.formenteraliving.com\/de\/","name":"Formenteraliving","description":"Ocealiving Real Estate - Vacanze Formentera con stile: Affitto case, appartamenti, Finca. Vendita Casa, Finca, Appartamenti, Real estate Formentera. Servizio affito auto, scooter ...","publisher":{"@id":"https:\/\/www.formenteraliving.com\/de\/#organization"},"potentialAction":[{"@type":"SearchAction","target":{"@type":"EntryPoint","urlTemplate":"https:\/\/www.formenteraliving.com\/de\/?s={search_term_string}"},"query-input":{"@type":"PropertyValueSpecification","valueRequired":true,"valueName":"search_term_string"}}],"inLanguage":"de"},{"@type":"Organization","@id":"https:\/\/www.formenteraliving.com\/de\/#organization","name":"Oceanliving Formentera","url":"https:\/\/www.formenteraliving.com\/de\/","logo":{"@type":"ImageObject","inLanguage":"de","@id":"https:\/\/www.formenteraliving.com\/de\/#\/schema\/logo\/image\/","url":"https:\/\/www.formenteraliving.com\/wp-content\/uploads\/2018\/08\/IMG_9086-1024x971.jpg","contentUrl":"https:\/\/www.formenteraliving.com\/wp-content\/uploads\/2018\/08\/IMG_9086-1024x971.jpg","width":1024,"height":971,"caption":"Oceanliving Formentera"},"image":{"@id":"https:\/\/www.formenteraliving.com\/de\/#\/schema\/logo\/image\/"},"sameAs":["https:\/\/www.facebook.com\/Oceanliving-276519762415611\/","https:\/\/www.instagram.com\/formenteraliving\/"]}]}},"_links":{"self":[{"href":"https:\/\/www.formenteraliving.com\/de\/wp-json\/wp\/v2\/pages\/15103","targetHints":{"allow":["GET"]}}],"collection":[{"href":"https:\/\/www.formenteraliving.com\/de\/wp-json\/wp\/v2\/pages"}],"about":[{"href":"https:\/\/www.formenteraliving.com\/de\/wp-json\/wp\/v2\/types\/page"}],"author":[{"embeddable":true,"href":"https:\/\/www.formenteraliving.com\/de\/wp-json\/wp\/v2\/users\/3"}],"replies":[{"embeddable":true,"href":"https:\/\/www.formenteraliving.com\/de\/wp-json\/wp\/v2\/comments?post=15103"}],"version-history":[{"count":8,"href":"https:\/\/www.formenteraliving.com\/de\/wp-json\/wp\/v2\/pages\/15103\/revisions"}],"predecessor-version":[{"id":25022,"href":"https:\/\/www.formenteraliving.com\/de\/wp-json\/wp\/v2\/pages\/15103\/revisions\/25022"}],"wp:attachment":[{"href":"https:\/\/www.formenteraliving.com\/de\/wp-json\/wp\/v2\/media?parent=15103"}],"curies":[{"name":"wp","href":"https:\/\/api.w.org\/{rel}","templated":true}]}}