{"id":6857,"date":"2018-08-08T08:31:26","date_gmt":"2018-08-08T06:31:26","guid":{"rendered":"https:\/\/www.formenteraliving.com\/?page_id=6857"},"modified":"2026-03-19T10:55:20","modified_gmt":"2026-03-19T09:55:20","slug":"wir-ueber-uns","status":"publish","type":"page","link":"https:\/\/www.formenteraliving.com\/de\/wir-ueber-uns\/","title":{"rendered":"Wir \u00fcber uns"},"content":{"rendered":"<p>[et_pb_section fb_built=&#8220;1&#8243; fullwidth=&#8220;on&#8220; admin_label=&#8220;SLIDER&#8220; _builder_version=&#8220;4.10.7&#8243; da_disable_devices=&#8220;off|off|off&#8220; global_module=&#8220;13517&#8243; collapsed=&#8220;on&#8220; global_colors_info=&#8220;{}&#8220; da_is_popup=&#8220;off&#8220; da_exit_intent=&#8220;off&#8220; da_has_close=&#8220;on&#8220; da_alt_close=&#8220;off&#8220; da_dark_close=&#8220;off&#8220; da_not_modal=&#8220;on&#8220; da_is_singular=&#8220;off&#8220; da_with_loader=&#8220;off&#8220; da_has_shadow=&#8220;on&#8220;][et_pb_fullwidth_slider _builder_version=&#8220;4.16&#8243; _module_preset=&#8220;default&#8220; max_height=&#8220;350px&#8220; auto=&#8220;on&#8220; global_colors_info=&#8220;{}&#8220;][et_pb_slide _builder_version=&#8220;4.16&#8243; _module_preset=&#8220;default&#8220; background_image=&#8220;https:\/\/formenteraliving.com\/wp-content\/uploads\/2016\/01\/DSC_0034.jpeg&#8220; background_enable_image=&#8220;on&#8220; global_colors_info=&#8220;{}&#8220; sticky_transition=&#8220;on&#8220;][\/et_pb_slide][et_pb_slide _builder_version=&#8220;4.16&#8243; _module_preset=&#8220;default&#8220; background_image=&#8220;https:\/\/formenteraliving.com\/wp-content\/uploads\/2016\/01\/DSC_0868.jpeg&#8220; background_enable_image=&#8220;on&#8220; global_colors_info=&#8220;{}&#8220; sticky_transition=&#8220;on&#8220;][\/et_pb_slide][et_pb_slide _builder_version=&#8220;4.16&#8243; _module_preset=&#8220;default&#8220; background_image=&#8220;https:\/\/formenteraliving.com\/wp-content\/uploads\/2016\/01\/DSC_0859.jpeg&#8220; background_enable_image=&#8220;on&#8220; global_colors_info=&#8220;{}&#8220; sticky_transition=&#8220;on&#8220;][\/et_pb_slide][et_pb_slide _builder_version=&#8220;4.16&#8243; _module_preset=&#8220;default&#8220; background_image=&#8220;https:\/\/formenteraliving.com\/wp-content\/uploads\/2016\/01\/DSC_0652.jpeg&#8220; background_enable_image=&#8220;on&#8220; global_colors_info=&#8220;{}&#8220; sticky_transition=&#8220;on&#8220;][\/et_pb_slide][et_pb_slide _builder_version=&#8220;4.16&#8243; _module_preset=&#8220;default&#8220; background_image=&#8220;https:\/\/www.formenteraliving.com\/wp-content\/uploads\/2021\/09\/Fachada-principal.jpeg&#8220; background_enable_image=&#8220;on&#8220; global_colors_info=&#8220;{}&#8220; sticky_transition=&#8220;on&#8220;][\/et_pb_slide][\/et_pb_fullwidth_slider][\/et_pb_section][et_pb_section fb_built=&#8220;1&#8243; admin_label=&#8220;section&#8220; _builder_version=&#8220;4.27.5&#8243; background_enable_mask_style=&#8220;on&#8220; background_mask_style=&#8220;rock-stack&#8220; background_mask_color=&#8220;rgba(93,145,169,0.1)&#8220; background_mask_transform=&#8220;invert|flip_horizontal&#8220; da_disable_devices=&#8220;off|off|off&#8220; global_colors_info=&#8220;{}&#8220; da_is_popup=&#8220;off&#8220; da_exit_intent=&#8220;off&#8220; da_has_close=&#8220;on&#8220; da_alt_close=&#8220;off&#8220; da_dark_close=&#8220;off&#8220; da_not_modal=&#8220;on&#8220; da_is_singular=&#8220;off&#8220; da_with_loader=&#8220;off&#8220; da_has_shadow=&#8220;on&#8220;][et_pb_row _builder_version=&#8220;4.27.5&#8243; _module_preset=&#8220;default&#8220; global_colors_info=&#8220;{}&#8220;][et_pb_column type=&#8220;4_4&#8243; _builder_version=&#8220;4.27.5&#8243; _module_preset=&#8220;default&#8220; global_colors_info=&#8220;{}&#8220;][et_pb_text _builder_version=&#8220;4.27.5&#8243; _module_preset=&#8220;default&#8220; global_colors_info=&#8220;{}&#8220;]<\/p>\n<h1>Unsere Geschichte. Wer sind wir?<\/h1>\n<p>[\/et_pb_text][\/et_pb_column][\/et_pb_row][et_pb_row column_structure=&#8220;3_5,2_5&#8243; admin_label=&#8220;row&#8220; _builder_version=&#8220;4.27.5&#8243; background_size=&#8220;initial&#8220; background_position=&#8220;top_left&#8220; background_repeat=&#8220;repeat&#8220; global_colors_info=&#8220;{}&#8220; custom_css_main_element_last_edited=&#8220;on|phone&#8220; custom_css_main_element_phone=&#8220;display:flex;||flex-wrap: wrap;&#8220;][et_pb_column type=&#8220;3_5&#8243; _builder_version=&#8220;4.27.5&#8243; custom_padding=&#8220;|||&#8220; animation_style=&#8220;slide&#8220; animation_direction=&#8220;left&#8220; animation_duration=&#8220;500ms&#8220; custom_css_main_element=&#8220;order: 2;&#8220; global_colors_info=&#8220;{}&#8220; custom_padding__hover=&#8220;|||&#8220; custom_css_main_element_last_edited=&#8220;off|desktop&#8220;][et_pb_text admin_label=&#8220;Text&#8220; _builder_version=&#8220;4.27.5&#8243; background_size=&#8220;initial&#8220; background_position=&#8220;top_left&#8220; background_repeat=&#8220;repeat&#8220; use_border_color=&#8220;off&#8220; global_colors_info=&#8220;{}&#8220;]<\/p>\n<h2>Immobilienagentur Oceanliving<\/h2>\n<p><\/p>\n<p>Im Juni 2007 Oceanliving gegr\u00fcndet, eine Immobilienagentur die sich der Vermietung und dem Verkauf von Immobilien auf der fantastischen Insel Formentera widmet.<\/p>\n<p><\/p>\n<p>Unsere wundersch\u00f6ne kleine Insel Formentera, mit Ihrem kristallklaren Wasser und atemberaubenden karibischen Str\u00e4nden, spricht ein immer anspruchsvolleres Publikum an, das ein Urlaubsprodukt sucht, das ihre Erwartungen an Freizeit und Entspannung erf\u00fcllt. Aus diesem Grund hat Oceanliving ein hochqualifiziertes Team auf der Insel, das seit mehr als 15 Jahren im Tourismus-Immobiliensektor t\u00e4tig ist. Deshalb ist es unser Hauptziel, die besten H\u00e4user, Fincas, Villen, Grundst\u00fccke und Wohnungen zu finden, die Ihren Anforderungen entsprechen.<\/p>\n<p><\/p>\n<p>H\u00e4user mit Charme, rustikale Finkes, Villen mit Meerblick,Luxusvillen mit Pool oder moderne Apartments zur Miete oder zum Verkauf. Es ist unser Anliegen das richtige Traum Objekt f\u00fcr Sie zu finden. Dar\u00fcber hinaus bieten wir ein kompetenten vor und nach verkauf Service und stehen Ihnen bei ihrem Anliegen beratend und mehrsprachig zur Seite. Nutzen Sie unser Netzwerk an Architekten, Rechtsanw\u00e4lten, Konstruktiven\u2026etc. hier auf der Insel. Oder m\u00f6chten sie einfach nur in Ruhe ihren Urlaub hier auf der \u201eKaribik des Mittelmeeres \u201everbringen? Gerne helfen wir Ihnen ihr Traumferienhaus zu finden. W\u00e4hrend Ihres Aufenthaltes k\u00f6nnen Sie sich ganz auf uns verlassen. Mit unserem 24 h service stehen wir Ihnen jederzeit zur verf\u00fcgung. Nutzen Sie unsere zus\u00e4tzlichen Dienstleistungen wie Babysitter, Putzservice, privater Koch, Tisch Reservierungen, Ausfl\u00fcge etc. Wir sind bem\u00fcht ihren Urlaub unvergesslich werden zu lassen \u2026<\/p>\n<p>[\/et_pb_text][\/et_pb_column][et_pb_column type=&#8220;2_5&#8243; _builder_version=&#8220;4.27.5&#8243; custom_padding=&#8220;|||&#8220; animation_style=&#8220;slide&#8220; animation_direction=&#8220;right&#8220; animation_duration=&#8220;500ms&#8220; global_colors_info=&#8220;{}&#8220; custom_padding__hover=&#8220;|||&#8220; custom_css_main_element_last_edited=&#8220;on|tablet&#8220; custom_css_main_element_tablet=&#8220;order: 1;&#8220; custom_css_main_element_phone=&#8220;order: 1&#8243;][et_pb_image src=&#8220;https:\/\/www.formenteraliving.com\/wp-content\/uploads\/2026\/01\/ChatGPT-Image-19-ene-2026-12_00_17.png&#8220; title_text=&#8220;ChatGPT Image 19 ene 2026, 12_00_17&#8243; _builder_version=&#8220;4.27.5&#8243; _module_preset=&#8220;default&#8220; transform_rotate=&#8220;0deg|0deg|2deg&#8220; border_radii=&#8220;on|10px|10px|10px|10px&#8220; box_shadow_style=&#8220;preset1&#8243; global_colors_info=&#8220;{}&#8220; custom_css_main_element_last_edited=&#8220;on|tablet&#8220; custom_css_main_element_tablet=&#8220;margin-bottom:50px!important;&#8220; custom_css_main_element_phone=&#8220;margin-bottom:50px!important;&#8220;][\/et_pb_image][\/et_pb_column][\/et_pb_row][et_pb_row column_structure=&#8220;2_5,3_5&#8243; admin_label=&#8220;row&#8220; _builder_version=&#8220;4.27.5&#8243; background_size=&#8220;initial&#8220; background_position=&#8220;top_left&#8220; background_repeat=&#8220;repeat&#8220; global_colors_info=&#8220;{}&#8220;][et_pb_column type=&#8220;2_5&#8243; _builder_version=&#8220;4.27.5&#8243; custom_padding=&#8220;|||&#8220; animation_style=&#8220;slide&#8220; animation_direction=&#8220;left&#8220; animation_duration=&#8220;500ms&#8220; global_colors_info=&#8220;{}&#8220; custom_padding__hover=&#8220;|||&#8220;][et_pb_image src=&#8220;https:\/\/www.formenteraliving.com\/wp-content\/uploads\/2018\/11\/IMG_0660-1024&#215;768.jpg&#8220; title_text=&#8220;IMG_0660&#8243; _builder_version=&#8220;4.27.5&#8243; _module_preset=&#8220;default&#8220; transform_rotate=&#8220;0deg|0deg|-2deg&#8220; border_radii=&#8220;on|10px|10px|10px|10px&#8220; box_shadow_style=&#8220;preset1&#8243; global_colors_info=&#8220;{}&#8220;][\/et_pb_image][\/et_pb_column][et_pb_column type=&#8220;3_5&#8243; _builder_version=&#8220;4.27.5&#8243; custom_padding=&#8220;|||&#8220; animation_style=&#8220;slide&#8220; animation_direction=&#8220;right&#8220; animation_duration=&#8220;500ms&#8220; global_colors_info=&#8220;{}&#8220; custom_padding__hover=&#8220;|||&#8220;][et_pb_text admin_label=&#8220;Text&#8220; _builder_version=&#8220;4.27.5&#8243; background_size=&#8220;initial&#8220; background_position=&#8220;top_left&#8220; background_repeat=&#8220;repeat&#8220; use_border_color=&#8220;off&#8220; global_colors_info=&#8220;{}&#8220;]<\/p>\n<h2>Zus\u00e4tzliche Dienstleistungen<\/h2>\n<p><\/p>\n<p>Oceanliving bietet Ihnen einige zus\u00e4tzliche Dienstleistungen Sprechen Sie uns an:<\/p>\n<p><\/p>\n<ul>\n<li><strong>Reinigungs- und Reinigungsservice<\/strong>: periodisches Reinigungspersonal.<\/li>\n<li><strong>Kinderm\u00e4dchen<\/strong>: qualifizierte Mitarbeiter stehen Ihnen w\u00e4hrend der Nachtstunden zur Verf\u00fcgung.<\/li>\n<li><strong>Buchung von Ausfl\u00fcgen<\/strong>: Wir sind in Kontakt mit den wichtigsten Reiseb\u00fcros der Website und es wird uns eine Freude sein, Sie zu informieren und die organisierten Ausfl\u00fcge zu buchen.<\/li>\n<li><strong>Mietservice<\/strong>: Oceanliving wir m\u00f6gen es, dass Kunden zufrieden sind und die besten Rabatte auf den Transport auf der Insel genie\u00dfen k\u00f6nnen. Aus diesem Grund ist das Unternehmen Partner von PRO Auto Rent a Car, Motorent Pujols und Transmapi und bietet seinen Kunden einen Gutscheincode f\u00fcr die Vermietung von Autos, Motorr\u00e4dern, Quads, Motorrollern und f\u00fcr den Kauf von Tickets mit der F\u00e4hre.<\/li>\n<\/ul>\n<p><\/p>\n<p>Mit Oceanliving ist es bereits m\u00f6glich einen <strong>unvergesslichen Urlaub<\/strong> auf Formentera zu verbringen.<\/p>\n<p>[\/et_pb_text][\/et_pb_column][\/et_pb_row][et_pb_row column_structure=&#8220;1_3,1_3,1_3&#8243; _builder_version=&#8220;4.27.5&#8243; _module_preset=&#8220;default&#8220; global_colors_info=&#8220;{}&#8220;][et_pb_column type=&#8220;1_3&#8243; _builder_version=&#8220;4.27.5&#8243; _module_preset=&#8220;default&#8220; animation_style=&#8220;slide&#8220; animation_direction=&#8220;bottom&#8220; animation_duration=&#8220;500ms&#8220; global_colors_info=&#8220;{}&#8220;][et_pb_image src=&#8220;https:\/\/www.formenteraliving.com\/wp-content\/uploads\/2026\/01\/IMG_6258a.jpg&#8220; title_text=&#8220;IMG_6258a&#8220; _builder_version=&#8220;4.27.5&#8243; _module_preset=&#8220;default&#8220; border_radii=&#8220;on|10px|10px|10px|10px&#8220; box_shadow_style=&#8220;preset1&#8243; global_colors_info=&#8220;{}&#8220;][\/et_pb_image][\/et_pb_column][et_pb_column type=&#8220;1_3&#8243; _builder_version=&#8220;4.27.5&#8243; _module_preset=&#8220;default&#8220; animation_style=&#8220;slide&#8220; animation_direction=&#8220;bottom&#8220; animation_duration=&#8220;500ms&#8220; animation_delay=&#8220;200ms&#8220; global_colors_info=&#8220;{}&#8220;][et_pb_image src=&#8220;https:\/\/www.formenteraliving.com\/wp-content\/uploads\/2026\/01\/IMG_6576.jpg&#8220; title_text=&#8220;IMG_6576&#8243; _builder_version=&#8220;4.27.5&#8243; _module_preset=&#8220;default&#8220; border_radii=&#8220;on|10px|10px|10px|10px&#8220; box_shadow_style=&#8220;preset1&#8243; global_colors_info=&#8220;{}&#8220;][\/et_pb_image][\/et_pb_column][et_pb_column type=&#8220;1_3&#8243; _builder_version=&#8220;4.27.5&#8243; _module_preset=&#8220;default&#8220; animation_style=&#8220;slide&#8220; animation_direction=&#8220;bottom&#8220; animation_duration=&#8220;500ms&#8220; animation_delay=&#8220;400ms&#8220; global_colors_info=&#8220;{}&#8220;][et_pb_image src=&#8220;https:\/\/www.formenteraliving.com\/wp-content\/uploads\/2026\/01\/IMG_6260a.jpg&#8220; title_text=&#8220;IMG_6260a&#8220; _builder_version=&#8220;4.27.5&#8243; _module_preset=&#8220;default&#8220; border_radii=&#8220;on|10px|10px|10px|10px&#8220; box_shadow_style=&#8220;preset1&#8243; global_colors_info=&#8220;{}&#8220;][\/et_pb_image][\/et_pb_column][\/et_pb_row][\/et_pb_section][et_pb_section fb_built=&#8220;1&#8243; _builder_version=&#8220;4.27.5&#8243; _module_preset=&#8220;default&#8220; top_divider_style=&#8220;waves2&#8243; top_divider_flip=&#8220;vertical&#8220; hover_enabled=&#8220;0&#8243; da_disable_devices=&#8220;off|off|off&#8220; global_colors_info=&#8220;{}&#8220; background_color=&#8220;#517288&#8243; sticky_enabled=&#8220;0&#8243; prev_background_color=&#8220;#ffffff&#8220; da_is_popup=&#8220;off&#8220; da_exit_intent=&#8220;off&#8220; da_has_close=&#8220;on&#8220; da_alt_close=&#8220;off&#8220; da_dark_close=&#8220;off&#8220; da_not_modal=&#8220;on&#8220; da_is_singular=&#8220;off&#8220; da_with_loader=&#8220;off&#8220; da_has_shadow=&#8220;on&#8220;][\/et_pb_section]<\/p>\n","protected":false},"excerpt":{"rendered":"<p>Unsere Geschichte. Wer sind wir?Immobilienagentur OceanlivingIm Juni 2007 Oceanliving gegr\u00fcndet, eine Immobilienagentur die sich der Vermietung und dem Verkauf von Immobilien auf der fantastischen Insel Formentera widmet.Unsere wundersch\u00f6ne kleine Insel Formentera, mit Ihrem kristallklaren Wasser und atemberaubenden karibischen Str\u00e4nden, spricht ein immer anspruchsvolleres Publikum an, das ein Urlaubsprodukt sucht, das ihre Erwartungen an Freizeit und [&hellip;]<\/p>\n","protected":false},"author":3,"featured_media":0,"parent":0,"menu_order":5,"comment_status":"closed","ping_status":"open","template":"","meta":{"_acf_changed":false,"_et_pb_use_builder":"on","_et_pb_old_content":"","_et_gb_content_width":"","footnotes":""},"class_list":["post-6857","page","type-page","status-publish","hentry"],"acf":[],"yoast_head":"<!-- This site is optimized with the Yoast SEO plugin v27.4 - https:\/\/yoast.com\/product\/yoast-seo-wordpress\/ -->\n<title>Immobilienagentur Oceanliving |Verkauf und Vermietung von H\u00e4usern auf Formentera<\/title>\n<meta name=\"description\" content=\"Immobilienagentur Oceanliving,Ihr Experte in der Suche nach den besten H\u00e4usern und Villen in Formentera, zu vermieten oder zu verkaufen.\" \/>\n<meta name=\"robots\" content=\"index, follow, max-snippet:-1, max-image-preview:large, max-video-preview:-1\" \/>\n<link rel=\"canonical\" href=\"https:\/\/www.formenteraliving.com\/de\/wir-ueber-uns\/\" \/>\n<meta property=\"og:locale\" content=\"de_DE\" \/>\n<meta property=\"og:type\" content=\"article\" \/>\n<meta property=\"og:title\" content=\"Immobilienagentur Oceanliving |Verkauf und Vermietung von H\u00e4usern auf Formentera\" \/>\n<meta property=\"og:description\" content=\"Immobilienagentur Oceanliving,Ihr Experte in der Suche nach den besten H\u00e4usern und Villen in Formentera, zu vermieten oder zu verkaufen.\" \/>\n<meta property=\"og:url\" content=\"https:\/\/www.formenteraliving.com\/de\/wir-ueber-uns\/\" \/>\n<meta property=\"og:site_name\" content=\"Formenteraliving\" \/>\n<meta property=\"article:publisher\" content=\"https:\/\/www.facebook.com\/Oceanliving-276519762415611\/\" \/>\n<meta property=\"article:modified_time\" content=\"2026-03-19T09:55:20+00:00\" \/>\n<meta name=\"twitter:card\" content=\"summary_large_image\" \/>\n<meta name=\"twitter:label1\" content=\"Gesch\u00e4tzte Lesezeit\" \/>\n\t<meta name=\"twitter:data1\" content=\"7\u00a0Minuten\" \/>\n<script type=\"application\/ld+json\" class=\"yoast-schema-graph\">{\"@context\":\"https:\\\/\\\/schema.org\",\"@graph\":[{\"@type\":\"WebPage\",\"@id\":\"https:\\\/\\\/www.formenteraliving.com\\\/de\\\/wir-ueber-uns\\\/\",\"url\":\"https:\\\/\\\/www.formenteraliving.com\\\/de\\\/wir-ueber-uns\\\/\",\"name\":\"Immobilienagentur Oceanliving |Verkauf und Vermietung von H\u00e4usern auf Formentera\",\"isPartOf\":{\"@id\":\"https:\\\/\\\/www.formenteraliving.com\\\/de\\\/#website\"},\"datePublished\":\"2018-08-08T06:31:26+00:00\",\"dateModified\":\"2026-03-19T09:55:20+00:00\",\"description\":\"Immobilienagentur Oceanliving,Ihr Experte in der Suche nach den besten H\u00e4usern und Villen in Formentera, zu vermieten oder zu verkaufen.\",\"breadcrumb\":{\"@id\":\"https:\\\/\\\/www.formenteraliving.com\\\/de\\\/wir-ueber-uns\\\/#breadcrumb\"},\"inLanguage\":\"de\",\"potentialAction\":[{\"@type\":\"ReadAction\",\"target\":[\"https:\\\/\\\/www.formenteraliving.com\\\/de\\\/wir-ueber-uns\\\/\"]}]},{\"@type\":\"BreadcrumbList\",\"@id\":\"https:\\\/\\\/www.formenteraliving.com\\\/de\\\/wir-ueber-uns\\\/#breadcrumb\",\"itemListElement\":[{\"@type\":\"ListItem\",\"position\":1,\"name\":\"Inici\",\"item\":\"https:\\\/\\\/www.formenteraliving.com\\\/de\\\/startseite-2\\\/\"},{\"@type\":\"ListItem\",\"position\":2,\"name\":\"Wir \u00fcber uns\"}]},{\"@type\":\"WebSite\",\"@id\":\"https:\\\/\\\/www.formenteraliving.com\\\/de\\\/#website\",\"url\":\"https:\\\/\\\/www.formenteraliving.com\\\/de\\\/\",\"name\":\"Formenteraliving\",\"description\":\"Ocealiving Real Estate - Vacanze Formentera con stile: Affitto case, appartamenti, Finca. Vendita Casa, Finca, Appartamenti, Real estate Formentera. Servizio affito auto, scooter ...\",\"publisher\":{\"@id\":\"https:\\\/\\\/www.formenteraliving.com\\\/de\\\/#organization\"},\"potentialAction\":[{\"@type\":\"SearchAction\",\"target\":{\"@type\":\"EntryPoint\",\"urlTemplate\":\"https:\\\/\\\/www.formenteraliving.com\\\/de\\\/?s={search_term_string}\"},\"query-input\":{\"@type\":\"PropertyValueSpecification\",\"valueRequired\":true,\"valueName\":\"search_term_string\"}}],\"inLanguage\":\"de\"},{\"@type\":\"Organization\",\"@id\":\"https:\\\/\\\/www.formenteraliving.com\\\/de\\\/#organization\",\"name\":\"Oceanliving Formentera\",\"url\":\"https:\\\/\\\/www.formenteraliving.com\\\/de\\\/\",\"logo\":{\"@type\":\"ImageObject\",\"inLanguage\":\"de\",\"@id\":\"https:\\\/\\\/www.formenteraliving.com\\\/de\\\/#\\\/schema\\\/logo\\\/image\\\/\",\"url\":\"https:\\\/\\\/www.formenteraliving.com\\\/wp-content\\\/uploads\\\/2018\\\/08\\\/IMG_9086-1024x971.jpg\",\"contentUrl\":\"https:\\\/\\\/www.formenteraliving.com\\\/wp-content\\\/uploads\\\/2018\\\/08\\\/IMG_9086-1024x971.jpg\",\"width\":1024,\"height\":971,\"caption\":\"Oceanliving Formentera\"},\"image\":{\"@id\":\"https:\\\/\\\/www.formenteraliving.com\\\/de\\\/#\\\/schema\\\/logo\\\/image\\\/\"},\"sameAs\":[\"https:\\\/\\\/www.facebook.com\\\/Oceanliving-276519762415611\\\/\",\"https:\\\/\\\/www.instagram.com\\\/formenteraliving\\\/\"]}]}<\/script>\n<!-- \/ Yoast SEO plugin. -->","yoast_head_json":{"title":"Immobilienagentur Oceanliving |Verkauf und Vermietung von H\u00e4usern auf Formentera","description":"Immobilienagentur Oceanliving,Ihr Experte in der Suche nach den besten H\u00e4usern und Villen in Formentera, zu vermieten oder zu verkaufen.","robots":{"index":"index","follow":"follow","max-snippet":"max-snippet:-1","max-image-preview":"max-image-preview:large","max-video-preview":"max-video-preview:-1"},"canonical":"https:\/\/www.formenteraliving.com\/de\/wir-ueber-uns\/","og_locale":"de_DE","og_type":"article","og_title":"Immobilienagentur Oceanliving |Verkauf und Vermietung von H\u00e4usern auf Formentera","og_description":"Immobilienagentur Oceanliving,Ihr Experte in der Suche nach den besten H\u00e4usern und Villen in Formentera, zu vermieten oder zu verkaufen.","og_url":"https:\/\/www.formenteraliving.com\/de\/wir-ueber-uns\/","og_site_name":"Formenteraliving","article_publisher":"https:\/\/www.facebook.com\/Oceanliving-276519762415611\/","article_modified_time":"2026-03-19T09:55:20+00:00","twitter_card":"summary_large_image","twitter_misc":{"Gesch\u00e4tzte Lesezeit":"7\u00a0Minuten"},"schema":{"@context":"https:\/\/schema.org","@graph":[{"@type":"WebPage","@id":"https:\/\/www.formenteraliving.com\/de\/wir-ueber-uns\/","url":"https:\/\/www.formenteraliving.com\/de\/wir-ueber-uns\/","name":"Immobilienagentur Oceanliving |Verkauf und Vermietung von H\u00e4usern auf Formentera","isPartOf":{"@id":"https:\/\/www.formenteraliving.com\/de\/#website"},"datePublished":"2018-08-08T06:31:26+00:00","dateModified":"2026-03-19T09:55:20+00:00","description":"Immobilienagentur Oceanliving,Ihr Experte in der Suche nach den besten H\u00e4usern und Villen in Formentera, zu vermieten oder zu verkaufen.","breadcrumb":{"@id":"https:\/\/www.formenteraliving.com\/de\/wir-ueber-uns\/#breadcrumb"},"inLanguage":"de","potentialAction":[{"@type":"ReadAction","target":["https:\/\/www.formenteraliving.com\/de\/wir-ueber-uns\/"]}]},{"@type":"BreadcrumbList","@id":"https:\/\/www.formenteraliving.com\/de\/wir-ueber-uns\/#breadcrumb","itemListElement":[{"@type":"ListItem","position":1,"name":"Inici","item":"https:\/\/www.formenteraliving.com\/de\/startseite-2\/"},{"@type":"ListItem","position":2,"name":"Wir \u00fcber uns"}]},{"@type":"WebSite","@id":"https:\/\/www.formenteraliving.com\/de\/#website","url":"https:\/\/www.formenteraliving.com\/de\/","name":"Formenteraliving","description":"Ocealiving Real Estate - Vacanze Formentera con stile: Affitto case, appartamenti, Finca. Vendita Casa, Finca, Appartamenti, Real estate Formentera. Servizio affito auto, scooter ...","publisher":{"@id":"https:\/\/www.formenteraliving.com\/de\/#organization"},"potentialAction":[{"@type":"SearchAction","target":{"@type":"EntryPoint","urlTemplate":"https:\/\/www.formenteraliving.com\/de\/?s={search_term_string}"},"query-input":{"@type":"PropertyValueSpecification","valueRequired":true,"valueName":"search_term_string"}}],"inLanguage":"de"},{"@type":"Organization","@id":"https:\/\/www.formenteraliving.com\/de\/#organization","name":"Oceanliving Formentera","url":"https:\/\/www.formenteraliving.com\/de\/","logo":{"@type":"ImageObject","inLanguage":"de","@id":"https:\/\/www.formenteraliving.com\/de\/#\/schema\/logo\/image\/","url":"https:\/\/www.formenteraliving.com\/wp-content\/uploads\/2018\/08\/IMG_9086-1024x971.jpg","contentUrl":"https:\/\/www.formenteraliving.com\/wp-content\/uploads\/2018\/08\/IMG_9086-1024x971.jpg","width":1024,"height":971,"caption":"Oceanliving Formentera"},"image":{"@id":"https:\/\/www.formenteraliving.com\/de\/#\/schema\/logo\/image\/"},"sameAs":["https:\/\/www.facebook.com\/Oceanliving-276519762415611\/","https:\/\/www.instagram.com\/formenteraliving\/"]}]}},"_links":{"self":[{"href":"https:\/\/www.formenteraliving.com\/de\/wp-json\/wp\/v2\/pages\/6857","targetHints":{"allow":["GET"]}}],"collection":[{"href":"https:\/\/www.formenteraliving.com\/de\/wp-json\/wp\/v2\/pages"}],"about":[{"href":"https:\/\/www.formenteraliving.com\/de\/wp-json\/wp\/v2\/types\/page"}],"author":[{"embeddable":true,"href":"https:\/\/www.formenteraliving.com\/de\/wp-json\/wp\/v2\/users\/3"}],"replies":[{"embeddable":true,"href":"https:\/\/www.formenteraliving.com\/de\/wp-json\/wp\/v2\/comments?post=6857"}],"version-history":[{"count":6,"href":"https:\/\/www.formenteraliving.com\/de\/wp-json\/wp\/v2\/pages\/6857\/revisions"}],"predecessor-version":[{"id":25005,"href":"https:\/\/www.formenteraliving.com\/de\/wp-json\/wp\/v2\/pages\/6857\/revisions\/25005"}],"wp:attachment":[{"href":"https:\/\/www.formenteraliving.com\/de\/wp-json\/wp\/v2\/media?parent=6857"}],"curies":[{"name":"wp","href":"https:\/\/api.w.org\/{rel}","templated":true}]}}