{"id":15104,"date":"2021-09-28T19:21:13","date_gmt":"2021-09-28T17:21:13","guid":{"rendered":"https:\/\/formenteraliving.com\/servizi\/"},"modified":"2026-03-23T12:29:51","modified_gmt":"2026-03-23T11:29:51","slug":"servicios","status":"publish","type":"page","link":"https:\/\/www.formenteraliving.com\/es\/servicios\/","title":{"rendered":"Nuestros Servicios"},"content":{"rendered":"<p>[et_pb_section fb_built=\u00bb1&#8243; _builder_version=\u00bb4.16&#8243; _module_preset=\u00bbdefault\u00bb da_disable_devices=\u00bboff|off|off\u00bb global_colors_info=\u00bb{}\u00bb da_is_popup=\u00bboff\u00bb da_exit_intent=\u00bboff\u00bb da_has_close=\u00bbon\u00bb da_alt_close=\u00bboff\u00bb da_dark_close=\u00bboff\u00bb da_not_modal=\u00bbon\u00bb da_is_singular=\u00bboff\u00bb da_with_loader=\u00bboff\u00bb da_has_shadow=\u00bbon\u00bb][et_pb_row column_structure=\u00bb1_5,1_5,1_5,1_5,1_5&#8243; _builder_version=\u00bb4.16&#8243; _module_preset=\u00bbdefault\u00bb global_colors_info=\u00bb{}\u00bb][et_pb_column type=\u00bb1_5&#8243; _builder_version=\u00bb4.16&#8243; _module_preset=\u00bbdefault\u00bb global_colors_info=\u00bb{}\u00bb][et_pb_blurb title=\u00bbAlquileres\u00bb use_icon=\u00bbon\u00bb font_icon=\u00bb&#xe074;||divi||400&#8243; icon_color=\u00bb#e9dcbf\u00bb admin_label=\u00bbAffitti\u00bb _builder_version=\u00bb4.27.6&#8243; _module_preset=\u00bbdefault\u00bb header_text_align=\u00bbcenter\u00bb global_colors_info=\u00bb{}\u00bb][\/et_pb_blurb][\/et_pb_column][et_pb_column type=\u00bb1_5&#8243; _builder_version=\u00bb4.16&#8243; _module_preset=\u00bbdefault\u00bb global_colors_info=\u00bb{}\u00bb][et_pb_blurb title=\u00bbVentas\u00bb use_icon=\u00bbon\u00bb font_icon=\u00bb&#xe066;||fa||900&#8243; icon_color=\u00bb#e9dcbf\u00bb admin_label=\u00bbVendite\u00bb _builder_version=\u00bb4.27.6&#8243; _module_preset=\u00bbdefault\u00bb header_text_align=\u00bbcenter\u00bb hover_enabled=\u00bb0&#8243; global_colors_info=\u00bb{}\u00bb sticky_enabled=\u00bb0&#8243;][\/et_pb_blurb][\/et_pb_column][et_pb_column type=\u00bb1_5&#8243; _builder_version=\u00bb4.16&#8243; _module_preset=\u00bbdefault\u00bb global_colors_info=\u00bb{}\u00bb][et_pb_blurb title=\u00bbReservas de coches, motos, barcos o excursiones\u00bb use_icon=\u00bbon\u00bb font_icon=\u00bb&#xf1b9;||fa||900&#8243; icon_color=\u00bb#e9dcbf\u00bb admin_label=\u00bbPrenotazioni di auto, motorini, barche o tour\u00bb _builder_version=\u00bb4.27.6&#8243; _module_preset=\u00bbdefault\u00bb header_text_align=\u00bbcenter\u00bb hover_enabled=\u00bb0&#8243; global_colors_info=\u00bb{}\u00bb sticky_enabled=\u00bb0&#8243;][\/et_pb_blurb][\/et_pb_column][et_pb_column type=\u00bb1_5&#8243; _builder_version=\u00bb4.16&#8243; _module_preset=\u00bbdefault\u00bb global_colors_info=\u00bb{}\u00bb][et_pb_blurb title=\u00bbServicios de limpieza y chef privado\u00bb use_icon=\u00bbon\u00bb font_icon=\u00bb&#xf2e7;||fa||900&#8243; icon_color=\u00bb#e9dcbf\u00bb admin_label=\u00bbServizi di pulizia e chef privato\u00bb _builder_version=\u00bb4.27.6&#8243; _module_preset=\u00bbdefault\u00bb header_text_align=\u00bbcenter\u00bb hover_enabled=\u00bb0&#8243; global_colors_info=\u00bb{}\u00bb sticky_enabled=\u00bb0&#8243;][\/et_pb_blurb][\/et_pb_column][et_pb_column type=\u00bb1_5&#8243; _builder_version=\u00bb4.16&#8243; _module_preset=\u00bbdefault\u00bb global_colors_info=\u00bb{}\u00bb][et_pb_blurb title=\u00bbServicios para propietarios\u00bb use_icon=\u00bbon\u00bb font_icon=\u00bb&#xe065;||fa||900&#8243; icon_color=\u00bb#e9dcbf\u00bb admin_label=\u00bbServizi per proprietari di immobili\u00bb _builder_version=\u00bb4.27.6&#8243; _module_preset=\u00bbdefault\u00bb header_text_align=\u00bbcenter\u00bb hover_enabled=\u00bb0&#8243; global_colors_info=\u00bb{}\u00bb sticky_enabled=\u00bb0&#8243;][\/et_pb_blurb][\/et_pb_column][\/et_pb_row][et_pb_row _builder_version=\u00bb4.16&#8243; _module_preset=\u00bbdefault\u00bb global_colors_info=\u00bb{}\u00bb][et_pb_column type=\u00bb4_4&#8243; _builder_version=\u00bb4.16&#8243; _module_preset=\u00bbdefault\u00bb global_colors_info=\u00bb{}\u00bb][et_pb_text _builder_version=\u00bb4.27.6&#8243; _module_preset=\u00bbdefault\u00bb global_colors_info=\u00bb{}\u00bb]<\/p>\n<h2>Alquileres<\/h2>\n<p><\/p>\n<hr \/>\n<p><\/p>\n<p>Ya sean casas vacacionales, casas con piscina, villas exclusivas o villas de lujo con o cerca del mar, ofrecemos una cuidada selecci\u00f3n de propiedades vacacionales de alta calidad en Formentera.<\/p>\n<p><\/p>\n<p>Nuestra oficina se encuentra en San Francisco, la capital de Formentera. Esto nos permite estar siempre disponibles y brindarle asistencia durante toda su estancia.<\/p>\n<p><\/p>\n<p>Para garantizarle unas vacaciones inolvidables en la isla, estaremos encantados de atender sus peticiones personalizadas, como el alquiler de barcos, coches o motos, la reserva de excursiones terrestres o mar\u00edtimas, servicios de chef privado, limpieza adicional o reservas en diversos restaurantes de la isla.<\/p>\n<p><\/p>\n<p>Nos encargamos de cada detalle para que sus vacaciones en el \u00abCaribe del Mediterr\u00e1neo\u00bb, como se suele llamar a Formentera, se conviertan en una experiencia inolvidable.<\/p>\n<p>[\/et_pb_text][et_pb_text _builder_version=\u00bb4.27.6&#8243; _module_preset=\u00bbdefault\u00bb global_colors_info=\u00bb{}\u00bb]<\/p>\n<h2>Ventas<\/h2>\n<p><\/p>\n<hr \/>\n<p><\/p>\n<p>Casas tradicionales, casas de campo r\u00fasticas con encanto, villas con vistas al mar, villas de lujo con piscina o apartamentos modernos. Nos esforzamos por encontrar la propiedad de sus sue\u00f1os en Formentera.<\/p>\n<p><\/p>\n<p>Nuestro objetivo es encontrar la vivienda que mejor se adapte a sus necesidades. Le ofrecemos un acompa\u00f1amiento transparente y profesional durante el proceso de compra y un servicio postventa para gestionar toda la documentaci\u00f3n necesaria, todo ello en su idioma.<\/p>\n<p><\/p>\n<p>Adem\u00e1s, podr\u00e1 beneficiarse de la colaboraci\u00f3n de nuestros socios de confianza, entre los que se incluyen abogados, contables, constructoras, interioristas y otros profesionales locales de la isla.<\/p>\n<p>[\/et_pb_text][et_pb_text _builder_version=\u00bb4.27.6&#8243; _module_preset=\u00bbdefault\u00bb global_colors_info=\u00bb{}\u00bb]<\/p>\n<h2>Reservas de coches, motos, barcos o excursiones<\/h2>\n<p><\/p>\n<hr \/>\n<p><\/p>\n<p>Nos complace reservar su coche, moto o barco, as\u00ed como excursiones y paseos en barco personalizados por la isla. Descubra Formentera a su manera y elija su veh\u00edculo al reservar. De esta forma, disfrutar\u00e1 de un excelente precio y la m\u00e1xima comodidad desde el principio.<\/p>\n<p><\/p>\n<p>Colaboramos con la empresa de alquiler m\u00e1s prestigiosa de la isla. Como su contacto, tendr\u00e1 un veh\u00edculo disponible en el puerto o, si lo prefiere, se lo entregaremos directamente en su alojamiento.<\/p>\n<p><\/p>\n<p>\u00bfQuiere explorar Formentera por mar de forma independiente? Le organizaremos el barco perfecto, con o sin capit\u00e1n y licencia de navegaci\u00f3n.<\/p>\n<p>[\/et_pb_text][et_pb_text _builder_version=\u00bb4.27.6&#8243; _module_preset=\u00bbdefault\u00bb global_colors_info=\u00bb{}\u00bb]<\/p>\n<h2>Servicios de limpieza y chef privado<\/h2>\n<p><\/p>\n<hr \/>\n<p><\/p>\n<p>\u00bfDesea centrarse exclusivamente en relajarse y disfrutar durante sus vacaciones? Si lo desea, podemos organizar un servicio de limpieza de confianza o un chef privado que prepare una variedad de men\u00fas directamente en su domicilio.<\/p>\n<p><\/p>\n<p>Si prefiere descubrir la excelente oferta culinaria de la isla, estaremos encantados de reservar mesa en los restaurantes m\u00e1s prestigiosos y tradicionales de Formentera.<\/p>\n<p>[\/et_pb_text][et_pb_text _builder_version=\u00bb4.27.6&#8243; _module_preset=\u00bbdefault\u00bb global_colors_info=\u00bb{}\u00bb]<\/p>\n<h2>Servicios para propietarios<\/h2>\n<p><\/p>\n<hr \/>\n<p><\/p>\n<p>\u00bfEst\u00e1 pensando en alquilar su propiedad con un servicio profesional y de calidad? Estaremos encantados de ayudarle.<\/p>\n<p><\/p>\n<p>Seleccionamos cuidadosamente a los hu\u00e9spedes m\u00e1s adecuados para su vivienda. Les proporcionamos un kit de bienvenida, un registro de entrada personalizado, atenci\u00f3n las 24 horas y un registro de salida con inspecci\u00f3n de la propiedad antes y despu\u00e9s de cada estancia. As\u00ed, podr\u00e1 estar tranquilo sabiendo que su propiedad est\u00e1 en buenas manos.<\/p>\n<p><\/p>\n<p>No dude en visitarnos en nuestra oficina de San Francisco: estaremos encantados de conversar informalmente y ofrecerle asesoramiento personalizado y sin compromiso.<\/p>\n<p>[\/et_pb_text][\/et_pb_column][\/et_pb_row][\/et_pb_section]<\/p>\n","protected":false},"excerpt":{"rendered":"<p>AlquileresYa sean casas vacacionales, casas con piscina, villas exclusivas o villas de lujo con o cerca del mar, ofrecemos una cuidada selecci\u00f3n de propiedades vacacionales de alta calidad en Formentera.Nuestra oficina se encuentra en San Francisco, la capital de Formentera. Esto nos permite estar siempre disponibles y brindarle asistencia durante toda su estancia.Para garantizarle unas [&hellip;]<\/p>\n","protected":false},"author":3,"featured_media":0,"parent":0,"menu_order":0,"comment_status":"closed","ping_status":"closed","template":"","meta":{"_acf_changed":false,"_et_pb_use_builder":"on","_et_pb_old_content":"","_et_gb_content_width":"","footnotes":""},"class_list":["post-15104","page","type-page","status-publish","hentry"],"acf":[],"yoast_head":"<!-- This site is optimized with the Yoast SEO plugin v27.4 - https:\/\/yoast.com\/product\/yoast-seo-wordpress\/ -->\n<title>Nuestros Servicios - Formenteraliving<\/title>\n<meta name=\"robots\" content=\"index, follow, max-snippet:-1, max-image-preview:large, max-video-preview:-1\" \/>\n<link rel=\"canonical\" href=\"https:\/\/www.formenteraliving.com\/es\/servicios\/\" \/>\n<meta property=\"og:locale\" content=\"es_ES\" \/>\n<meta property=\"og:type\" content=\"article\" \/>\n<meta property=\"og:title\" content=\"Nuestros Servicios - Formenteraliving\" \/>\n<meta property=\"og:description\" content=\"AlquileresYa sean casas vacacionales, casas con piscina, villas exclusivas o villas de lujo con o cerca del mar, ofrecemos una cuidada selecci\u00f3n de propiedades vacacionales de alta calidad en Formentera.Nuestra oficina se encuentra en San Francisco, la capital de Formentera. Esto nos permite estar siempre disponibles y brindarle asistencia durante toda su estancia.Para garantizarle unas [&hellip;]\" \/>\n<meta property=\"og:url\" content=\"https:\/\/www.formenteraliving.com\/es\/servicios\/\" \/>\n<meta property=\"og:site_name\" content=\"Formenteraliving\" \/>\n<meta property=\"article:publisher\" content=\"https:\/\/www.facebook.com\/Oceanliving-276519762415611\/\" \/>\n<meta property=\"article:modified_time\" content=\"2026-03-23T11:29:51+00:00\" \/>\n<meta name=\"twitter:card\" content=\"summary_large_image\" \/>\n<meta name=\"twitter:label1\" content=\"Tiempo de lectura\" \/>\n\t<meta name=\"twitter:data1\" content=\"5 minutos\" \/>\n<script type=\"application\/ld+json\" class=\"yoast-schema-graph\">{\"@context\":\"https:\\\/\\\/schema.org\",\"@graph\":[{\"@type\":\"WebPage\",\"@id\":\"https:\\\/\\\/www.formenteraliving.com\\\/es\\\/servicios\\\/\",\"url\":\"https:\\\/\\\/www.formenteraliving.com\\\/es\\\/servicios\\\/\",\"name\":\"Nuestros Servicios - Formenteraliving\",\"isPartOf\":{\"@id\":\"https:\\\/\\\/www.formenteraliving.com\\\/es\\\/#website\"},\"datePublished\":\"2021-09-28T17:21:13+00:00\",\"dateModified\":\"2026-03-23T11:29:51+00:00\",\"breadcrumb\":{\"@id\":\"https:\\\/\\\/www.formenteraliving.com\\\/es\\\/servicios\\\/#breadcrumb\"},\"inLanguage\":\"es\",\"potentialAction\":[{\"@type\":\"ReadAction\",\"target\":[\"https:\\\/\\\/www.formenteraliving.com\\\/es\\\/servicios\\\/\"]}]},{\"@type\":\"BreadcrumbList\",\"@id\":\"https:\\\/\\\/www.formenteraliving.com\\\/es\\\/servicios\\\/#breadcrumb\",\"itemListElement\":[{\"@type\":\"ListItem\",\"position\":1,\"name\":\"Inici\",\"item\":\"https:\\\/\\\/www.formenteraliving.com\\\/es\\\/inicio\\\/\"},{\"@type\":\"ListItem\",\"position\":2,\"name\":\"Nuestros Servicios\"}]},{\"@type\":\"WebSite\",\"@id\":\"https:\\\/\\\/www.formenteraliving.com\\\/es\\\/#website\",\"url\":\"https:\\\/\\\/www.formenteraliving.com\\\/es\\\/\",\"name\":\"Formenteraliving\",\"description\":\"Vacanze Formentera con stile: Affitto case, appartamenti, Finca. Vendita Casa, Finca, Appartamenti, Real estate Formentera. Servizio affito auto, scooter ...\",\"publisher\":{\"@id\":\"https:\\\/\\\/www.formenteraliving.com\\\/es\\\/#organization\"},\"potentialAction\":[{\"@type\":\"SearchAction\",\"target\":{\"@type\":\"EntryPoint\",\"urlTemplate\":\"https:\\\/\\\/www.formenteraliving.com\\\/es\\\/?s={search_term_string}\"},\"query-input\":{\"@type\":\"PropertyValueSpecification\",\"valueRequired\":true,\"valueName\":\"search_term_string\"}}],\"inLanguage\":\"es\"},{\"@type\":\"Organization\",\"@id\":\"https:\\\/\\\/www.formenteraliving.com\\\/es\\\/#organization\",\"name\":\"Oceanliving Formentera\",\"url\":\"https:\\\/\\\/www.formenteraliving.com\\\/es\\\/\",\"logo\":{\"@type\":\"ImageObject\",\"inLanguage\":\"es\",\"@id\":\"https:\\\/\\\/www.formenteraliving.com\\\/es\\\/#\\\/schema\\\/logo\\\/image\\\/\",\"url\":\"https:\\\/\\\/www.formenteraliving.com\\\/wp-content\\\/uploads\\\/2018\\\/08\\\/IMG_9086-1024x971.jpg\",\"contentUrl\":\"https:\\\/\\\/www.formenteraliving.com\\\/wp-content\\\/uploads\\\/2018\\\/08\\\/IMG_9086-1024x971.jpg\",\"width\":1024,\"height\":971,\"caption\":\"Oceanliving Formentera\"},\"image\":{\"@id\":\"https:\\\/\\\/www.formenteraliving.com\\\/es\\\/#\\\/schema\\\/logo\\\/image\\\/\"},\"sameAs\":[\"https:\\\/\\\/www.facebook.com\\\/Oceanliving-276519762415611\\\/\",\"https:\\\/\\\/www.instagram.com\\\/formenteraliving\\\/\"]}]}<\/script>\n<!-- \/ Yoast SEO plugin. -->","yoast_head_json":{"title":"Nuestros Servicios - Formenteraliving","robots":{"index":"index","follow":"follow","max-snippet":"max-snippet:-1","max-image-preview":"max-image-preview:large","max-video-preview":"max-video-preview:-1"},"canonical":"https:\/\/www.formenteraliving.com\/es\/servicios\/","og_locale":"es_ES","og_type":"article","og_title":"Nuestros Servicios - Formenteraliving","og_description":"AlquileresYa sean casas vacacionales, casas con piscina, villas exclusivas o villas de lujo con o cerca del mar, ofrecemos una cuidada selecci\u00f3n de propiedades vacacionales de alta calidad en Formentera.Nuestra oficina se encuentra en San Francisco, la capital de Formentera. Esto nos permite estar siempre disponibles y brindarle asistencia durante toda su estancia.Para garantizarle unas [&hellip;]","og_url":"https:\/\/www.formenteraliving.com\/es\/servicios\/","og_site_name":"Formenteraliving","article_publisher":"https:\/\/www.facebook.com\/Oceanliving-276519762415611\/","article_modified_time":"2026-03-23T11:29:51+00:00","twitter_card":"summary_large_image","twitter_misc":{"Tiempo de lectura":"5 minutos"},"schema":{"@context":"https:\/\/schema.org","@graph":[{"@type":"WebPage","@id":"https:\/\/www.formenteraliving.com\/es\/servicios\/","url":"https:\/\/www.formenteraliving.com\/es\/servicios\/","name":"Nuestros Servicios - Formenteraliving","isPartOf":{"@id":"https:\/\/www.formenteraliving.com\/es\/#website"},"datePublished":"2021-09-28T17:21:13+00:00","dateModified":"2026-03-23T11:29:51+00:00","breadcrumb":{"@id":"https:\/\/www.formenteraliving.com\/es\/servicios\/#breadcrumb"},"inLanguage":"es","potentialAction":[{"@type":"ReadAction","target":["https:\/\/www.formenteraliving.com\/es\/servicios\/"]}]},{"@type":"BreadcrumbList","@id":"https:\/\/www.formenteraliving.com\/es\/servicios\/#breadcrumb","itemListElement":[{"@type":"ListItem","position":1,"name":"Inici","item":"https:\/\/www.formenteraliving.com\/es\/inicio\/"},{"@type":"ListItem","position":2,"name":"Nuestros Servicios"}]},{"@type":"WebSite","@id":"https:\/\/www.formenteraliving.com\/es\/#website","url":"https:\/\/www.formenteraliving.com\/es\/","name":"Formenteraliving","description":"Vacanze Formentera con stile: Affitto case, appartamenti, Finca. Vendita Casa, Finca, Appartamenti, Real estate Formentera. Servizio affito auto, scooter ...","publisher":{"@id":"https:\/\/www.formenteraliving.com\/es\/#organization"},"potentialAction":[{"@type":"SearchAction","target":{"@type":"EntryPoint","urlTemplate":"https:\/\/www.formenteraliving.com\/es\/?s={search_term_string}"},"query-input":{"@type":"PropertyValueSpecification","valueRequired":true,"valueName":"search_term_string"}}],"inLanguage":"es"},{"@type":"Organization","@id":"https:\/\/www.formenteraliving.com\/es\/#organization","name":"Oceanliving Formentera","url":"https:\/\/www.formenteraliving.com\/es\/","logo":{"@type":"ImageObject","inLanguage":"es","@id":"https:\/\/www.formenteraliving.com\/es\/#\/schema\/logo\/image\/","url":"https:\/\/www.formenteraliving.com\/wp-content\/uploads\/2018\/08\/IMG_9086-1024x971.jpg","contentUrl":"https:\/\/www.formenteraliving.com\/wp-content\/uploads\/2018\/08\/IMG_9086-1024x971.jpg","width":1024,"height":971,"caption":"Oceanliving Formentera"},"image":{"@id":"https:\/\/www.formenteraliving.com\/es\/#\/schema\/logo\/image\/"},"sameAs":["https:\/\/www.facebook.com\/Oceanliving-276519762415611\/","https:\/\/www.instagram.com\/formenteraliving\/"]}]}},"_links":{"self":[{"href":"https:\/\/www.formenteraliving.com\/es\/wp-json\/wp\/v2\/pages\/15104","targetHints":{"allow":["GET"]}}],"collection":[{"href":"https:\/\/www.formenteraliving.com\/es\/wp-json\/wp\/v2\/pages"}],"about":[{"href":"https:\/\/www.formenteraliving.com\/es\/wp-json\/wp\/v2\/types\/page"}],"author":[{"embeddable":true,"href":"https:\/\/www.formenteraliving.com\/es\/wp-json\/wp\/v2\/users\/3"}],"replies":[{"embeddable":true,"href":"https:\/\/www.formenteraliving.com\/es\/wp-json\/wp\/v2\/comments?post=15104"}],"version-history":[{"count":8,"href":"https:\/\/www.formenteraliving.com\/es\/wp-json\/wp\/v2\/pages\/15104\/revisions"}],"predecessor-version":[{"id":25024,"href":"https:\/\/www.formenteraliving.com\/es\/wp-json\/wp\/v2\/pages\/15104\/revisions\/25024"}],"wp:attachment":[{"href":"https:\/\/www.formenteraliving.com\/es\/wp-json\/wp\/v2\/media?parent=15104"}],"curies":[{"name":"wp","href":"https:\/\/api.w.org\/{rel}","templated":true}]}}