{"id":159,"date":"2016-01-21T18:22:23","date_gmt":"2016-01-21T18:22:23","guid":{"rendered":"http:\/\/www.formenteraliving.com\/qui-som\/?lang=es"},"modified":"2026-01-19T17:09:22","modified_gmt":"2026-01-19T16:09:22","slug":"quienes-somos","status":"publish","type":"page","link":"https:\/\/www.formenteraliving.com\/es\/quienes-somos\/","title":{"rendered":"Qui\u00e9nes somos"},"content":{"rendered":"<p>[et_pb_section fb_built=\u00bb1&#8243; fullwidth=\u00bbon\u00bb admin_label=\u00bbSLIDER\u00bb _builder_version=\u00bb4.10.7&#8243; da_disable_devices=\u00bboff|off|off\u00bb global_module=\u00bb13517&#8243; collapsed=\u00bbon\u00bb global_colors_info=\u00bb{}\u00bb da_is_popup=\u00bboff\u00bb da_exit_intent=\u00bboff\u00bb da_has_close=\u00bbon\u00bb da_alt_close=\u00bboff\u00bb da_dark_close=\u00bboff\u00bb da_not_modal=\u00bbon\u00bb da_is_singular=\u00bboff\u00bb da_with_loader=\u00bboff\u00bb da_has_shadow=\u00bbon\u00bb][et_pb_fullwidth_slider _builder_version=\u00bb4.16&#8243; _module_preset=\u00bbdefault\u00bb max_height=\u00bb350px\u00bb auto=\u00bbon\u00bb global_colors_info=\u00bb{}\u00bb][et_pb_slide _builder_version=\u00bb4.16&#8243; _module_preset=\u00bbdefault\u00bb background_image=\u00bbhttps:\/\/formenteraliving.com\/wp-content\/uploads\/2016\/01\/DSC_0034.jpeg\u00bb background_enable_image=\u00bbon\u00bb global_colors_info=\u00bb{}\u00bb sticky_transition=\u00bbon\u00bb][\/et_pb_slide][et_pb_slide _builder_version=\u00bb4.16&#8243; _module_preset=\u00bbdefault\u00bb background_image=\u00bbhttps:\/\/formenteraliving.com\/wp-content\/uploads\/2016\/01\/DSC_0868.jpeg\u00bb background_enable_image=\u00bbon\u00bb global_colors_info=\u00bb{}\u00bb sticky_transition=\u00bbon\u00bb][\/et_pb_slide][et_pb_slide _builder_version=\u00bb4.16&#8243; _module_preset=\u00bbdefault\u00bb background_image=\u00bbhttps:\/\/formenteraliving.com\/wp-content\/uploads\/2016\/01\/DSC_0859.jpeg\u00bb background_enable_image=\u00bbon\u00bb global_colors_info=\u00bb{}\u00bb sticky_transition=\u00bbon\u00bb][\/et_pb_slide][et_pb_slide _builder_version=\u00bb4.16&#8243; _module_preset=\u00bbdefault\u00bb background_image=\u00bbhttps:\/\/formenteraliving.com\/wp-content\/uploads\/2016\/01\/DSC_0652.jpeg\u00bb background_enable_image=\u00bbon\u00bb global_colors_info=\u00bb{}\u00bb sticky_transition=\u00bbon\u00bb][\/et_pb_slide][et_pb_slide _builder_version=\u00bb4.16&#8243; _module_preset=\u00bbdefault\u00bb background_image=\u00bbhttps:\/\/www.formenteraliving.com\/wp-content\/uploads\/2021\/09\/Fachada-principal.jpeg\u00bb background_enable_image=\u00bbon\u00bb global_colors_info=\u00bb{}\u00bb sticky_transition=\u00bbon\u00bb][\/et_pb_slide][\/et_pb_fullwidth_slider][\/et_pb_section][et_pb_section fb_built=\u00bb1&#8243; admin_label=\u00bbsection\u00bb _builder_version=\u00bb4.27.5&#8243; background_enable_mask_style=\u00bbon\u00bb background_mask_style=\u00bbrock-stack\u00bb background_mask_color=\u00bbrgba(93,145,169,0.1)\u00bb background_mask_transform=\u00bbinvert|flip_horizontal\u00bb da_disable_devices=\u00bboff|off|off\u00bb global_colors_info=\u00bb{}\u00bb da_is_popup=\u00bboff\u00bb da_exit_intent=\u00bboff\u00bb da_has_close=\u00bbon\u00bb da_alt_close=\u00bboff\u00bb da_dark_close=\u00bboff\u00bb da_not_modal=\u00bbon\u00bb da_is_singular=\u00bboff\u00bb da_with_loader=\u00bboff\u00bb da_has_shadow=\u00bbon\u00bb][et_pb_row _builder_version=\u00bb4.27.5&#8243; _module_preset=\u00bbdefault\u00bb global_colors_info=\u00bb{}\u00bb][et_pb_column type=\u00bb4_4&#8243; _builder_version=\u00bb4.27.5&#8243; _module_preset=\u00bbdefault\u00bb global_colors_info=\u00bb{}\u00bb][et_pb_text _builder_version=\u00bb4.27.5&#8243; _module_preset=\u00bbdefault\u00bb global_colors_info=\u00bb{}\u00bb]<\/p>\n<h1>Nuestra historia. \u00bfQui\u00e9nes somos?<\/h1>\n<p>[\/et_pb_text][\/et_pb_column][\/et_pb_row][et_pb_row column_structure=\u00bb3_5,2_5&#8243; admin_label=\u00bbrow\u00bb _builder_version=\u00bb4.27.5&#8243; background_size=\u00bbinitial\u00bb background_position=\u00bbtop_left\u00bb background_repeat=\u00bbrepeat\u00bb global_colors_info=\u00bb{}\u00bb custom_css_main_element_last_edited=\u00bbon|phone\u00bb custom_css_main_element_phone=\u00bbdisplay:flex;||flex-wrap: wrap;\u00bb][et_pb_column type=\u00bb3_5&#8243; _builder_version=\u00bb4.27.5&#8243; custom_padding=\u00bb|||\u00bb animation_style=\u00bbslide\u00bb animation_direction=\u00bbleft\u00bb animation_duration=\u00bb500ms\u00bb custom_css_main_element=\u00bborder: 2;\u00bb global_colors_info=\u00bb{}\u00bb custom_padding__hover=\u00bb|||\u00bb custom_css_main_element_last_edited=\u00bboff|desktop\u00bb][et_pb_text admin_label=\u00bbText\u00bb _builder_version=\u00bb4.27.5&#8243; background_size=\u00bbinitial\u00bb background_position=\u00bbtop_left\u00bb background_repeat=\u00bbrepeat\u00bb use_border_color=\u00bboff\u00bb global_colors_info=\u00bb{}\u00bb]<\/p>\n<h2>Agencia Inmobiliaria Oceanliving<\/h2>\n<p><\/p>\n<p>En Junio \u200b\u200bde 2007 nace la Agencia Inmobiliaria Oceanliving, una inmobiliaria dedicada al alquiler y venta de inmuebles en la fant\u00e1stica isla de Formentera.<\/p>\n<p><\/p>\n<p>Actualmente, somos conscientes de que nos dirigimos a un p\u00fablico que cada d\u00eda es m\u00e1s exigente, que busca un producto de vacaciones que se adecue a sus expectativas de ocio y descanso. Por ello, a Oceanliving contamos con un\u00a0<strong>equipo altamente cualificado residente en la isla<\/strong>\u00a0que lleva m\u00e1s de 15 a\u00f1os trabajando en el sector tur\u00edstico-inmobiliario. Es por eso que nuestro objetivo principal es buscar las mejores casas, fincas, chalets, terrenos y apartamentos que m\u00e1s se adapten a sus requerimientos.<\/p>\n<p><\/p>\n<p>As\u00ed pues, Oceanliving decidi\u00f3 iniciar una b\u00fasqueda en la isla de Formentera de\u00a0<strong>casas con encanto, villas de lujo y apartamentos de calidad con piscina y vistas al mar para su alquiler o venta<\/strong>. Adem\u00e1s, el cliente podr\u00e1 elegir si prefiere pasar sus vacaciones en una zona m\u00e1s tur\u00edstica, o bien prefiere residir en una zona m\u00e1s apartada y exclusiva, en contacto con la naturaleza. Conviene resaltar que \u00fanicamente ofrecemos alojamientos que est\u00e1n\u00a0<strong>debidamente equipados<\/strong>\u00a0para que usted disfrute de una estancia independiente y agradable, en total libertad.<\/p>\n<p>[\/et_pb_text][\/et_pb_column][et_pb_column type=\u00bb2_5&#8243; _builder_version=\u00bb4.27.5&#8243; custom_padding=\u00bb|||\u00bb animation_style=\u00bbslide\u00bb animation_direction=\u00bbright\u00bb animation_duration=\u00bb500ms\u00bb global_colors_info=\u00bb{}\u00bb custom_padding__hover=\u00bb|||\u00bb custom_css_main_element_last_edited=\u00bbon|tablet\u00bb custom_css_main_element_tablet=\u00bborder: 1;\u00bb custom_css_main_element_phone=\u00bborder: 1&#8243;][et_pb_image src=\u00bbhttps:\/\/www.formenteraliving.com\/wp-content\/uploads\/2026\/01\/ChatGPT-Image-19-ene-2026-12_00_17.png\u00bb title_text=\u00bbChatGPT Image 19 ene 2026, 12_00_17&#8243; _builder_version=\u00bb4.27.5&#8243; _module_preset=\u00bbdefault\u00bb transform_rotate=\u00bb0deg|0deg|2deg\u00bb border_radii=\u00bbon|10px|10px|10px|10px\u00bb box_shadow_style=\u00bbpreset1&#8243; global_colors_info=\u00bb{}\u00bb custom_css_main_element_last_edited=\u00bbon|tablet\u00bb custom_css_main_element_tablet=\u00bbmargin-bottom:50px!important;\u00bb custom_css_main_element_phone=\u00bbmargin-bottom:50px!important;\u00bb][\/et_pb_image][\/et_pb_column][\/et_pb_row][et_pb_row column_structure=\u00bb2_5,3_5&#8243; admin_label=\u00bbrow\u00bb _builder_version=\u00bb4.27.5&#8243; background_size=\u00bbinitial\u00bb background_position=\u00bbtop_left\u00bb background_repeat=\u00bbrepeat\u00bb global_colors_info=\u00bb{}\u00bb][et_pb_column type=\u00bb2_5&#8243; _builder_version=\u00bb4.27.5&#8243; custom_padding=\u00bb|||\u00bb animation_style=\u00bbslide\u00bb animation_direction=\u00bbleft\u00bb animation_duration=\u00bb500ms\u00bb global_colors_info=\u00bb{}\u00bb custom_padding__hover=\u00bb|||\u00bb][et_pb_image src=\u00bbhttps:\/\/www.formenteraliving.com\/wp-content\/uploads\/2018\/11\/IMG_0660-1024&#215;768.jpg\u00bb title_text=\u00bbIMG_0660&#8243; _builder_version=\u00bb4.27.5&#8243; _module_preset=\u00bbdefault\u00bb transform_rotate=\u00bb0deg|0deg|-2deg\u00bb border_radii=\u00bbon|10px|10px|10px|10px\u00bb box_shadow_style=\u00bbpreset1&#8243; global_colors_info=\u00bb{}\u00bb][\/et_pb_image][\/et_pb_column][et_pb_column type=\u00bb3_5&#8243; _builder_version=\u00bb4.27.5&#8243; custom_padding=\u00bb|||\u00bb animation_style=\u00bbslide\u00bb animation_direction=\u00bbright\u00bb animation_duration=\u00bb500ms\u00bb global_colors_info=\u00bb{}\u00bb custom_padding__hover=\u00bb|||\u00bb][et_pb_text admin_label=\u00bbText\u00bb _builder_version=\u00bb4.27.5&#8243; background_size=\u00bbinitial\u00bb background_position=\u00bbtop_left\u00bb background_repeat=\u00bbrepeat\u00bb use_border_color=\u00bboff\u00bb global_colors_info=\u00bb{}\u00bb]<\/p>\n<h2>Servicios addicionales<\/h2>\n<p><\/p>\n<p><span class=\"hiddenSpellError\">Por otra parte, Oceanliving tambi\u00e9n ofrece unos\u00a0<strong>servicios adicionales\u00a0<\/strong>que otras inmobiliarias no os podr\u00e1n ofrecer:<\/span><\/p>\n<p><\/p>\n<ul>\n<li><strong>Servicio limpieza y cuidado de casas:\u00a0<\/strong>personal de limpieza peri\u00f3dico.<\/li>\n<li><strong><span class=\"hiddenSpellError\">Ni\u00f1era<\/span>:<\/strong>\u00a0personal cualificado a su disposici\u00f3n durante las horas nocturnas.<\/li>\n<li><strong>Reservas de excursiones<\/strong><strong>:<\/strong>\u00a0estamos en contacto con las principales agencias de viajes del sitio y ser\u00e1 un placer informarle y reservar las excursiones organizadas.<\/li>\n<li><strong>Servicio de alquiler:\u00a0<\/strong>a Oceanliving nos gusta que los clientes est\u00e9n satisfechos y puedan disfrutar de los\u00a0<strong>mejores descuentos en transporte en la isla<\/strong>. Por ello es partner de\u00a0PRO Auto Rent a Car,\u00a0<span class=\"hiddenSpellError\">Motorent<\/span>\u00a0Pujols\u00a0y\u00a0<span class=\"hiddenSpellError\">Transmapi<\/span>, ofreciendo a sus clientes un\u00a0<strong>c\u00f3digo promocional<\/strong>\u00a0para alquiler de coches, motos, quads, scooters y para la compra de billetes en ferry.<\/li>\n<\/ul>\n<p><\/p>\n<p>Con Oceanliving ya es posible realizar unas\u00a0<strong>vacaciones inolvidables<\/strong>\u00a0en Formentera.<\/p>\n<p>[\/et_pb_text][\/et_pb_column][\/et_pb_row][et_pb_row column_structure=\u00bb1_3,1_3,1_3&#8243; _builder_version=\u00bb4.27.5&#8243; _module_preset=\u00bbdefault\u00bb global_colors_info=\u00bb{}\u00bb][et_pb_column type=\u00bb1_3&#8243; _builder_version=\u00bb4.27.5&#8243; _module_preset=\u00bbdefault\u00bb animation_style=\u00bbslide\u00bb animation_direction=\u00bbbottom\u00bb animation_duration=\u00bb500ms\u00bb global_colors_info=\u00bb{}\u00bb][et_pb_image src=\u00bbhttps:\/\/www.formenteraliving.com\/wp-content\/uploads\/2026\/01\/IMG_6258a.jpg\u00bb title_text=\u00bbIMG_6258a\u00bb _builder_version=\u00bb4.27.5&#8243; _module_preset=\u00bbdefault\u00bb border_radii=\u00bbon|10px|10px|10px|10px\u00bb box_shadow_style=\u00bbpreset1&#8243; global_colors_info=\u00bb{}\u00bb][\/et_pb_image][\/et_pb_column][et_pb_column type=\u00bb1_3&#8243; _builder_version=\u00bb4.27.5&#8243; _module_preset=\u00bbdefault\u00bb animation_style=\u00bbslide\u00bb animation_direction=\u00bbbottom\u00bb animation_duration=\u00bb500ms\u00bb animation_delay=\u00bb200ms\u00bb global_colors_info=\u00bb{}\u00bb][et_pb_image src=\u00bbhttps:\/\/www.formenteraliving.com\/wp-content\/uploads\/2026\/01\/IMG_6576.jpg\u00bb title_text=\u00bbIMG_6576&#8243; _builder_version=\u00bb4.27.5&#8243; _module_preset=\u00bbdefault\u00bb border_radii=\u00bbon|10px|10px|10px|10px\u00bb box_shadow_style=\u00bbpreset1&#8243; global_colors_info=\u00bb{}\u00bb][\/et_pb_image][\/et_pb_column][et_pb_column type=\u00bb1_3&#8243; _builder_version=\u00bb4.27.5&#8243; _module_preset=\u00bbdefault\u00bb animation_style=\u00bbslide\u00bb animation_direction=\u00bbbottom\u00bb animation_duration=\u00bb500ms\u00bb animation_delay=\u00bb400ms\u00bb global_colors_info=\u00bb{}\u00bb][et_pb_image src=\u00bbhttps:\/\/www.formenteraliving.com\/wp-content\/uploads\/2026\/01\/IMG_6260a.jpg\u00bb title_text=\u00bbIMG_6260a\u00bb _builder_version=\u00bb4.27.5&#8243; _module_preset=\u00bbdefault\u00bb border_radii=\u00bbon|10px|10px|10px|10px\u00bb box_shadow_style=\u00bbpreset1&#8243; global_colors_info=\u00bb{}\u00bb][\/et_pb_image][\/et_pb_column][\/et_pb_row][\/et_pb_section][et_pb_section fb_built=\u00bb1&#8243; _builder_version=\u00bb4.27.5&#8243; _module_preset=\u00bbdefault\u00bb top_divider_style=\u00bbwaves2&#8243; top_divider_flip=\u00bbvertical\u00bb hover_enabled=\u00bb0&#8243; da_disable_devices=\u00bboff|off|off\u00bb global_colors_info=\u00bb{}\u00bb background_color=\u00bb#517288&#8243; sticky_enabled=\u00bb0&#8243; prev_background_color=\u00bb#ffffff\u00bb da_is_popup=\u00bboff\u00bb da_exit_intent=\u00bboff\u00bb da_has_close=\u00bbon\u00bb da_alt_close=\u00bboff\u00bb da_dark_close=\u00bboff\u00bb da_not_modal=\u00bbon\u00bb da_is_singular=\u00bboff\u00bb da_with_loader=\u00bboff\u00bb da_has_shadow=\u00bbon\u00bb][\/et_pb_section]<\/p>\n","protected":false},"excerpt":{"rendered":"<p>Nuestra historia. \u00bfQui\u00e9nes somos?Agencia Inmobiliaria OceanlivingEn Junio \u200b\u200bde 2007 nace la Agencia Inmobiliaria Oceanliving, una inmobiliaria dedicada al alquiler y venta de inmuebles en la fant\u00e1stica isla de Formentera.Actualmente, somos conscientes de que nos dirigimos a un p\u00fablico que cada d\u00eda es m\u00e1s exigente, que busca un producto de vacaciones que se adecue a sus [&hellip;]<\/p>\n","protected":false},"author":3,"featured_media":0,"parent":0,"menu_order":5,"comment_status":"closed","ping_status":"open","template":"","meta":{"_acf_changed":false,"_et_pb_use_builder":"on","_et_pb_old_content":"","_et_gb_content_width":"","footnotes":""},"class_list":["post-159","page","type-page","status-publish","hentry"],"acf":[],"yoast_head":"<!-- This site is optimized with the Yoast SEO plugin v27.4 - https:\/\/yoast.com\/product\/yoast-seo-wordpress\/ -->\n<title>Agenzia Immobiliare Oceanliving | Affitto e vendita di case a Formentera<\/title>\n<meta name=\"description\" content=\"Agenzia Immobiliare Oceanliving, esperta nella ricerca delle migliori ville a Formentera, in affitto o in vendita. Offriamo anche servizi aggiuntivi.\" \/>\n<meta name=\"robots\" content=\"index, follow, max-snippet:-1, max-image-preview:large, max-video-preview:-1\" \/>\n<link rel=\"canonical\" href=\"https:\/\/www.formenteraliving.com\/es\/quienes-somos\/\" \/>\n<meta property=\"og:locale\" content=\"es_ES\" \/>\n<meta property=\"og:type\" content=\"article\" \/>\n<meta property=\"og:title\" content=\"Agenzia Immobiliare Oceanliving | Affitto e vendita di case a Formentera\" \/>\n<meta property=\"og:description\" content=\"Agenzia Immobiliare Oceanliving, esperta nella ricerca delle migliori ville a Formentera, in affitto o in vendita. Offriamo anche servizi aggiuntivi.\" \/>\n<meta property=\"og:url\" content=\"https:\/\/www.formenteraliving.com\/es\/quienes-somos\/\" \/>\n<meta property=\"og:site_name\" content=\"Formenteraliving\" \/>\n<meta property=\"article:publisher\" content=\"https:\/\/www.facebook.com\/Oceanliving-276519762415611\/\" \/>\n<meta property=\"article:modified_time\" content=\"2026-01-19T16:09:22+00:00\" \/>\n<meta name=\"twitter:card\" content=\"summary_large_image\" \/>\n<meta name=\"twitter:label1\" content=\"Tiempo de lectura\" \/>\n\t<meta name=\"twitter:data1\" content=\"7 minutos\" \/>\n<script type=\"application\/ld+json\" class=\"yoast-schema-graph\">{\"@context\":\"https:\\\/\\\/schema.org\",\"@graph\":[{\"@type\":\"WebPage\",\"@id\":\"https:\\\/\\\/www.formenteraliving.com\\\/es\\\/quienes-somos\\\/\",\"url\":\"https:\\\/\\\/www.formenteraliving.com\\\/es\\\/quienes-somos\\\/\",\"name\":\"Agenzia Immobiliare Oceanliving | Affitto e vendita di case a Formentera\",\"isPartOf\":{\"@id\":\"https:\\\/\\\/www.formenteraliving.com\\\/es\\\/#website\"},\"datePublished\":\"2016-01-21T18:22:23+00:00\",\"dateModified\":\"2026-01-19T16:09:22+00:00\",\"description\":\"Agenzia Immobiliare Oceanliving, esperta nella ricerca delle migliori ville a Formentera, in affitto o in vendita. Offriamo anche servizi aggiuntivi.\",\"breadcrumb\":{\"@id\":\"https:\\\/\\\/www.formenteraliving.com\\\/es\\\/quienes-somos\\\/#breadcrumb\"},\"inLanguage\":\"es\",\"potentialAction\":[{\"@type\":\"ReadAction\",\"target\":[\"https:\\\/\\\/www.formenteraliving.com\\\/es\\\/quienes-somos\\\/\"]}]},{\"@type\":\"BreadcrumbList\",\"@id\":\"https:\\\/\\\/www.formenteraliving.com\\\/es\\\/quienes-somos\\\/#breadcrumb\",\"itemListElement\":[{\"@type\":\"ListItem\",\"position\":1,\"name\":\"Inici\",\"item\":\"https:\\\/\\\/www.formenteraliving.com\\\/es\\\/inicio\\\/\"},{\"@type\":\"ListItem\",\"position\":2,\"name\":\"Qui\u00e9nes somos\"}]},{\"@type\":\"WebSite\",\"@id\":\"https:\\\/\\\/www.formenteraliving.com\\\/es\\\/#website\",\"url\":\"https:\\\/\\\/www.formenteraliving.com\\\/es\\\/\",\"name\":\"Formenteraliving\",\"description\":\"Vacanze Formentera con stile: Affitto case, appartamenti, Finca. Vendita Casa, Finca, Appartamenti, Real estate Formentera. Servizio affito auto, scooter ...\",\"publisher\":{\"@id\":\"https:\\\/\\\/www.formenteraliving.com\\\/es\\\/#organization\"},\"potentialAction\":[{\"@type\":\"SearchAction\",\"target\":{\"@type\":\"EntryPoint\",\"urlTemplate\":\"https:\\\/\\\/www.formenteraliving.com\\\/es\\\/?s={search_term_string}\"},\"query-input\":{\"@type\":\"PropertyValueSpecification\",\"valueRequired\":true,\"valueName\":\"search_term_string\"}}],\"inLanguage\":\"es\"},{\"@type\":\"Organization\",\"@id\":\"https:\\\/\\\/www.formenteraliving.com\\\/es\\\/#organization\",\"name\":\"Oceanliving Formentera\",\"url\":\"https:\\\/\\\/www.formenteraliving.com\\\/es\\\/\",\"logo\":{\"@type\":\"ImageObject\",\"inLanguage\":\"es\",\"@id\":\"https:\\\/\\\/www.formenteraliving.com\\\/es\\\/#\\\/schema\\\/logo\\\/image\\\/\",\"url\":\"https:\\\/\\\/www.formenteraliving.com\\\/wp-content\\\/uploads\\\/2018\\\/08\\\/IMG_9086-1024x971.jpg\",\"contentUrl\":\"https:\\\/\\\/www.formenteraliving.com\\\/wp-content\\\/uploads\\\/2018\\\/08\\\/IMG_9086-1024x971.jpg\",\"width\":1024,\"height\":971,\"caption\":\"Oceanliving Formentera\"},\"image\":{\"@id\":\"https:\\\/\\\/www.formenteraliving.com\\\/es\\\/#\\\/schema\\\/logo\\\/image\\\/\"},\"sameAs\":[\"https:\\\/\\\/www.facebook.com\\\/Oceanliving-276519762415611\\\/\",\"https:\\\/\\\/www.instagram.com\\\/formenteraliving\\\/\"]}]}<\/script>\n<!-- \/ Yoast SEO plugin. -->","yoast_head_json":{"title":"Agenzia Immobiliare Oceanliving | Affitto e vendita di case a Formentera","description":"Agenzia Immobiliare Oceanliving, esperta nella ricerca delle migliori ville a Formentera, in affitto o in vendita. Offriamo anche servizi aggiuntivi.","robots":{"index":"index","follow":"follow","max-snippet":"max-snippet:-1","max-image-preview":"max-image-preview:large","max-video-preview":"max-video-preview:-1"},"canonical":"https:\/\/www.formenteraliving.com\/es\/quienes-somos\/","og_locale":"es_ES","og_type":"article","og_title":"Agenzia Immobiliare Oceanliving | Affitto e vendita di case a Formentera","og_description":"Agenzia Immobiliare Oceanliving, esperta nella ricerca delle migliori ville a Formentera, in affitto o in vendita. Offriamo anche servizi aggiuntivi.","og_url":"https:\/\/www.formenteraliving.com\/es\/quienes-somos\/","og_site_name":"Formenteraliving","article_publisher":"https:\/\/www.facebook.com\/Oceanliving-276519762415611\/","article_modified_time":"2026-01-19T16:09:22+00:00","twitter_card":"summary_large_image","twitter_misc":{"Tiempo de lectura":"7 minutos"},"schema":{"@context":"https:\/\/schema.org","@graph":[{"@type":"WebPage","@id":"https:\/\/www.formenteraliving.com\/es\/quienes-somos\/","url":"https:\/\/www.formenteraliving.com\/es\/quienes-somos\/","name":"Agenzia Immobiliare Oceanliving | Affitto e vendita di case a Formentera","isPartOf":{"@id":"https:\/\/www.formenteraliving.com\/es\/#website"},"datePublished":"2016-01-21T18:22:23+00:00","dateModified":"2026-01-19T16:09:22+00:00","description":"Agenzia Immobiliare Oceanliving, esperta nella ricerca delle migliori ville a Formentera, in affitto o in vendita. Offriamo anche servizi aggiuntivi.","breadcrumb":{"@id":"https:\/\/www.formenteraliving.com\/es\/quienes-somos\/#breadcrumb"},"inLanguage":"es","potentialAction":[{"@type":"ReadAction","target":["https:\/\/www.formenteraliving.com\/es\/quienes-somos\/"]}]},{"@type":"BreadcrumbList","@id":"https:\/\/www.formenteraliving.com\/es\/quienes-somos\/#breadcrumb","itemListElement":[{"@type":"ListItem","position":1,"name":"Inici","item":"https:\/\/www.formenteraliving.com\/es\/inicio\/"},{"@type":"ListItem","position":2,"name":"Qui\u00e9nes somos"}]},{"@type":"WebSite","@id":"https:\/\/www.formenteraliving.com\/es\/#website","url":"https:\/\/www.formenteraliving.com\/es\/","name":"Formenteraliving","description":"Vacanze Formentera con stile: Affitto case, appartamenti, Finca. Vendita Casa, Finca, Appartamenti, Real estate Formentera. Servizio affito auto, scooter ...","publisher":{"@id":"https:\/\/www.formenteraliving.com\/es\/#organization"},"potentialAction":[{"@type":"SearchAction","target":{"@type":"EntryPoint","urlTemplate":"https:\/\/www.formenteraliving.com\/es\/?s={search_term_string}"},"query-input":{"@type":"PropertyValueSpecification","valueRequired":true,"valueName":"search_term_string"}}],"inLanguage":"es"},{"@type":"Organization","@id":"https:\/\/www.formenteraliving.com\/es\/#organization","name":"Oceanliving Formentera","url":"https:\/\/www.formenteraliving.com\/es\/","logo":{"@type":"ImageObject","inLanguage":"es","@id":"https:\/\/www.formenteraliving.com\/es\/#\/schema\/logo\/image\/","url":"https:\/\/www.formenteraliving.com\/wp-content\/uploads\/2018\/08\/IMG_9086-1024x971.jpg","contentUrl":"https:\/\/www.formenteraliving.com\/wp-content\/uploads\/2018\/08\/IMG_9086-1024x971.jpg","width":1024,"height":971,"caption":"Oceanliving Formentera"},"image":{"@id":"https:\/\/www.formenteraliving.com\/es\/#\/schema\/logo\/image\/"},"sameAs":["https:\/\/www.facebook.com\/Oceanliving-276519762415611\/","https:\/\/www.instagram.com\/formenteraliving\/"]}]}},"_links":{"self":[{"href":"https:\/\/www.formenteraliving.com\/es\/wp-json\/wp\/v2\/pages\/159","targetHints":{"allow":["GET"]}}],"collection":[{"href":"https:\/\/www.formenteraliving.com\/es\/wp-json\/wp\/v2\/pages"}],"about":[{"href":"https:\/\/www.formenteraliving.com\/es\/wp-json\/wp\/v2\/types\/page"}],"author":[{"embeddable":true,"href":"https:\/\/www.formenteraliving.com\/es\/wp-json\/wp\/v2\/users\/3"}],"replies":[{"embeddable":true,"href":"https:\/\/www.formenteraliving.com\/es\/wp-json\/wp\/v2\/comments?post=159"}],"version-history":[{"count":3,"href":"https:\/\/www.formenteraliving.com\/es\/wp-json\/wp\/v2\/pages\/159\/revisions"}],"predecessor-version":[{"id":24357,"href":"https:\/\/www.formenteraliving.com\/es\/wp-json\/wp\/v2\/pages\/159\/revisions\/24357"}],"wp:attachment":[{"href":"https:\/\/www.formenteraliving.com\/es\/wp-json\/wp\/v2\/media?parent=159"}],"curies":[{"name":"wp","href":"https:\/\/api.w.org\/{rel}","templated":true}]}}